{"id":3955,"date":"2023-11-22T09:21:45","date_gmt":"2023-11-22T09:21:45","guid":{"rendered":"https:\/\/volatiles.de\/?page_id=3955"},"modified":"2025-06-25T07:24:19","modified_gmt":"2025-06-25T06:24:19","slug":"bespoke","status":"publish","type":"page","link":"https:\/\/volatiles.de\/de\/bespoke\/","title":{"rendered":"Bespoke"},"content":{"rendered":"\t\t<div data-elementor-type=\"wp-page\" data-elementor-id=\"3955\" class=\"elementor elementor-3955\" data-elementor-post-type=\"page\">\n\t\t\t\t<div class=\"elementor-element elementor-element-d2e1f55 elementor-hidden-tablet elementor-hidden-mobile e-flex e-con-boxed e-con e-parent\" data-id=\"d2e1f55\" data-element_type=\"container\" data-settings=\"{&quot;background_background&quot;:&quot;classic&quot;}\">\n\t\t\t\t\t<div class=\"e-con-inner\">\n\t\t<div class=\"elementor-element elementor-element-a2cfe86 e-con-full e-flex e-con e-child\" data-id=\"a2cfe86\" data-element_type=\"container\">\n\t\t\t\t<div class=\"elementor-element elementor-element-ab33bbb elementor-invisible elementor-widget elementor-widget-heading\" data-id=\"ab33bbb\" data-element_type=\"widget\" data-settings=\"{&quot;_animation&quot;:&quot;fadeIn&quot;}\" data-widget_type=\"heading.default\">\n\t\t\t\t<div class=\"elementor-widget-container\">\n\t\t\t\t\t<h1 class=\"elementor-heading-title elementor-size-default\">Ma\u00dfgefertigte L\u00f6sungen<\/h1>\t\t\t\t<\/div>\n\t\t\t\t<\/div>\n\t\t\t\t<div class=\"elementor-element elementor-element-922f873 elementor-invisible elementor-widget elementor-widget-text-editor\" data-id=\"922f873\" data-element_type=\"widget\" data-settings=\"{&quot;_animation&quot;:&quot;fadeIn&quot;,&quot;_animation_delay&quot;:200}\" data-widget_type=\"text-editor.default\">\n\t\t\t\t<div class=\"elementor-widget-container\">\n\t\t\t\t\t\t\t\t\tWir setzen Ihre W\u00fcnsche um.\t\t\t\t\t\t\t\t<\/div>\n\t\t\t\t<\/div>\n\t\t\t\t<\/div>\n\t\t<div class=\"elementor-element elementor-element-7b62148 e-con-full elementor-hidden-tablet elementor-hidden-mobile e-flex e-con e-child\" data-id=\"7b62148\" data-element_type=\"container\">\n\t\t\t\t<\/div>\n\t\t\t\t\t<\/div>\n\t\t\t\t<\/div>\n\t\t<div class=\"elementor-element elementor-element-73ccdf8 elementor-hidden-desktop e-flex e-con-boxed e-con e-parent\" data-id=\"73ccdf8\" data-element_type=\"container\" data-settings=\"{&quot;background_background&quot;:&quot;classic&quot;}\">\n\t\t\t\t\t<div class=\"e-con-inner\">\n\t\t<div class=\"elementor-element elementor-element-54324d8 e-con-full e-flex e-con e-child\" data-id=\"54324d8\" data-element_type=\"container\">\n\t\t\t\t<div class=\"elementor-element elementor-element-d717b3e elementor-invisible elementor-widget elementor-widget-heading\" data-id=\"d717b3e\" data-element_type=\"widget\" data-settings=\"{&quot;_animation&quot;:&quot;fadeIn&quot;}\" data-widget_type=\"heading.default\">\n\t\t\t\t<div class=\"elementor-widget-container\">\n\t\t\t\t\t<h1 class=\"elementor-heading-title elementor-size-default\">Ma\u00dfgefertigt<\/h1>\t\t\t\t<\/div>\n\t\t\t\t<\/div>\n\t\t\t\t<div class=\"elementor-element elementor-element-24d9754 elementor-invisible elementor-widget elementor-widget-text-editor\" data-id=\"24d9754\" data-element_type=\"widget\" data-settings=\"{&quot;_animation&quot;:&quot;fadeIn&quot;,&quot;_animation_delay&quot;:200}\" data-widget_type=\"text-editor.default\">\n\t\t\t\t<div class=\"elementor-widget-container\">\n\t\t\t\t\t\t\t\t\t<p>Wir setzen Ihre W\u00fcnsche um<\/p>\t\t\t\t\t\t\t\t<\/div>\n\t\t\t\t<\/div>\n\t\t\t\t<\/div>\n\t\t<div class=\"elementor-element elementor-element-4cc3797 e-con-full elementor-hidden-tablet elementor-hidden-mobile e-flex e-con e-child\" data-id=\"4cc3797\" data-element_type=\"container\">\n\t\t\t\t<\/div>\n\t\t\t\t\t<\/div>\n\t\t\t\t<\/div>\n\t\t<div class=\"elementor-element elementor-element-6dccc9d2 e-con-full e-flex e-con e-parent\" data-id=\"6dccc9d2\" data-element_type=\"container\" data-settings=\"{&quot;background_background&quot;:&quot;classic&quot;}\">\n\t\t<div class=\"elementor-element elementor-element-4536f4b8 e-con-full e-flex e-con e-child\" data-id=\"4536f4b8\" data-element_type=\"container\">\n\t\t\t\t<div class=\"elementor-element elementor-element-11c650e0 elementor-invisible elementor-widget elementor-widget-heading\" data-id=\"11c650e0\" data-element_type=\"widget\" data-settings=\"{&quot;_animation&quot;:&quot;fadeIn&quot;}\" data-widget_type=\"heading.default\">\n\t\t\t\t<div class=\"elementor-widget-container\">\n\t\t\t\t\t<h2 class=\"elementor-heading-title elementor-size-default\">Besprechen Sie Ihr Vorhaben<\/h2>\t\t\t\t<\/div>\n\t\t\t\t<\/div>\n\t\t\t\t<div class=\"elementor-element elementor-element-5f586e4a elementor-invisible elementor-widget elementor-widget-text-editor\" data-id=\"5f586e4a\" data-element_type=\"widget\" data-settings=\"{&quot;_animation&quot;:&quot;fadeIn&quot;,&quot;_animation_delay&quot;:200}\" data-widget_type=\"text-editor.default\">\n\t\t\t\t<div class=\"elementor-widget-container\">\n\t\t\t\t\t\t\t\t\tSeit Gr\u00fcndung \u00a0hat sich volatiles darauf spezialisiert, Paneele nach kundenspezifischen W\u00fcnschen zu bauen. Mittlerweile bieten wir jedoch auch Standardgr\u00f6\u00dfen an, welche man im Online Shop bestellen kann. Dar\u00fcber hinaus gibt es weiterhin die M\u00f6glichkeit, das Paneel in praktisch jeder beliebigen Gr\u00f6\u00dfe und unterschiedlichsten Materialien exakt nach Vorgabe des Kunden zu fertigen.\n\nWir setzen uns zusammen mit Lichtplanern, Architekten, Projektentwicklern oder privaten Bauherren, um Ihr Projekt umzusetzen. Eingesetzt wurden volatiles Paneele in hochwertigen Wohnr\u00e4umen, gewerblichen R\u00e4umen und in der Hotellerie.\t\t\t\t\t\t\t\t<\/div>\n\t\t\t\t<\/div>\n\t\t\t\t<\/div>\n\t\t<div class=\"elementor-element elementor-element-60358b9f e-con-full e-flex e-con e-child\" data-id=\"60358b9f\" data-element_type=\"container\">\n\t\t\t\t<div class=\"elementor-element elementor-element-4863ab6f elementor-widget elementor-widget-image\" data-id=\"4863ab6f\" data-element_type=\"widget\" data-widget_type=\"image.default\">\n\t\t\t\t<div class=\"elementor-widget-container\">\n\t\t\t\t\t\t\t\t\t\t\t\t\t\t\t<img fetchpriority=\"high\" decoding=\"async\" width=\"800\" height=\"534\" src=\"https:\/\/volatiles.de\/wp-content\/uploads\/2024\/03\/Bespoke-section-1.webp\" class=\"attachment-large size-large wp-image-7333\" alt=\"\" srcset=\"https:\/\/volatiles.de\/wp-content\/uploads\/2024\/03\/Bespoke-section-1.webp 1024w, https:\/\/volatiles.de\/wp-content\/uploads\/2024\/03\/Bespoke-section-1-300x200.webp 300w, https:\/\/volatiles.de\/wp-content\/uploads\/2024\/03\/Bespoke-section-1-768x512.webp 768w, https:\/\/volatiles.de\/wp-content\/uploads\/2024\/03\/Bespoke-section-1-24x16.webp 24w, https:\/\/volatiles.de\/wp-content\/uploads\/2024\/03\/Bespoke-section-1-36x24.webp 36w, https:\/\/volatiles.de\/wp-content\/uploads\/2024\/03\/Bespoke-section-1-48x32.webp 48w, https:\/\/volatiles.de\/wp-content\/uploads\/2024\/03\/Bespoke-section-1-600x400.webp 600w\" sizes=\"(max-width: 800px) 100vw, 800px\" \/>\t\t\t\t\t\t\t\t\t\t\t\t\t\t\t<\/div>\n\t\t\t\t<\/div>\n\t\t\t\t<\/div>\n\t\t\t\t<\/div>\n\t\t<div class=\"elementor-element elementor-element-702cb059 e-con-full e-flex e-con e-parent\" data-id=\"702cb059\" data-element_type=\"container\" data-settings=\"{&quot;background_background&quot;:&quot;classic&quot;}\">\n\t\t<div class=\"elementor-element elementor-element-3cbae5a9 e-con-full e-flex e-con e-child\" data-id=\"3cbae5a9\" data-element_type=\"container\">\n\t\t\t\t<div class=\"elementor-element elementor-element-127d6a15 elementor-widget elementor-widget-image\" data-id=\"127d6a15\" data-element_type=\"widget\" data-widget_type=\"image.default\">\n\t\t\t\t<div class=\"elementor-widget-container\">\n\t\t\t\t\t\t\t\t\t\t\t\t\t\t\t<img decoding=\"async\" width=\"800\" height=\"450\" src=\"https:\/\/volatiles.de\/wp-content\/uploads\/2023\/12\/L1340449Volatiles-Fotos-Verena-Felder-1024x576.webp\" class=\"attachment-large size-large wp-image-5243\" alt=\"\" srcset=\"https:\/\/volatiles.de\/wp-content\/uploads\/2023\/12\/L1340449Volatiles-Fotos-Verena-Felder-1024x576.webp 1024w, https:\/\/volatiles.de\/wp-content\/uploads\/2023\/12\/L1340449Volatiles-Fotos-Verena-Felder-300x169.webp 300w, https:\/\/volatiles.de\/wp-content\/uploads\/2023\/12\/L1340449Volatiles-Fotos-Verena-Felder-768x432.webp 768w, https:\/\/volatiles.de\/wp-content\/uploads\/2023\/12\/L1340449Volatiles-Fotos-Verena-Felder-1536x864.webp 1536w, https:\/\/volatiles.de\/wp-content\/uploads\/2023\/12\/L1340449Volatiles-Fotos-Verena-Felder-24x14.webp 24w, https:\/\/volatiles.de\/wp-content\/uploads\/2023\/12\/L1340449Volatiles-Fotos-Verena-Felder-36x20.webp 36w, https:\/\/volatiles.de\/wp-content\/uploads\/2023\/12\/L1340449Volatiles-Fotos-Verena-Felder-48x27.webp 48w, https:\/\/volatiles.de\/wp-content\/uploads\/2023\/12\/L1340449Volatiles-Fotos-Verena-Felder-600x338.webp 600w, https:\/\/volatiles.de\/wp-content\/uploads\/2023\/12\/L1340449Volatiles-Fotos-Verena-Felder.webp 1920w\" sizes=\"(max-width: 800px) 100vw, 800px\" \/>\t\t\t\t\t\t\t\t\t\t\t\t\t\t\t<\/div>\n\t\t\t\t<\/div>\n\t\t\t\t<\/div>\n\t\t<div class=\"elementor-element elementor-element-2fa3a99d e-con-full e-flex e-con e-child\" data-id=\"2fa3a99d\" data-element_type=\"container\">\n\t\t\t\t<div class=\"elementor-element elementor-element-d2c169f elementor-invisible elementor-widget elementor-widget-heading\" data-id=\"d2c169f\" data-element_type=\"widget\" data-settings=\"{&quot;_animation&quot;:&quot;fadeIn&quot;}\" data-widget_type=\"heading.default\">\n\t\t\t\t<div class=\"elementor-widget-container\">\n\t\t\t\t\t<h2 class=\"elementor-heading-title elementor-size-default\">Individuelle L\u00f6sungen<\/h2>\t\t\t\t<\/div>\n\t\t\t\t<\/div>\n\t\t\t\t<div class=\"elementor-element elementor-element-756eb9a0 elementor-invisible elementor-widget elementor-widget-text-editor\" data-id=\"756eb9a0\" data-element_type=\"widget\" data-settings=\"{&quot;_animation&quot;:&quot;fadeIn&quot;,&quot;_animation_delay&quot;:200}\" data-widget_type=\"text-editor.default\">\n\t\t\t\t<div class=\"elementor-widget-container\">\n\t\t\t\t\t\t\t\t\t<p>Die folgenden Parameter k\u00f6nnen auf Kundenwunsch individuell gestaltet werden:<\/p><ul><li>Gr\u00f6\u00dfe und geometrische Form<\/li><li>Farben und Muster der Oberfl\u00e4chen<\/li><li>Lichtszene und andere Sonderprogrammierungen<\/li><li>Exklusive und seltene Materialien (Perlmutt, Capiz, Tierh\u00e4ute, usw.)<\/li><\/ul><p><br \/>Sprechen Sie mit uns und vereinbaren Sie einen Termin! Besuchen Sie unsere Showrooms in Berlin und in der Schweiz (dialog@volatiles.de).<\/p>\t\t\t\t\t\t\t\t<\/div>\n\t\t\t\t<\/div>\n\t\t\t\t<\/div>\n\t\t\t\t<\/div>\n\t\t<div class=\"elementor-element elementor-element-2f422f4 e-flex e-con-boxed e-con e-parent\" data-id=\"2f422f4\" data-element_type=\"container\" data-settings=\"{&quot;background_background&quot;:&quot;classic&quot;}\">\n\t\t\t\t\t<div class=\"e-con-inner\">\n\t\t<div class=\"elementor-element elementor-element-6f29764 e-con-full e-flex e-con e-child\" data-id=\"6f29764\" data-element_type=\"container\" data-settings=\"{&quot;background_background&quot;:&quot;classic&quot;}\">\n\t\t\t\t<div class=\"elementor-element elementor-element-dfbb001 elementor-widget elementor-widget-spacer\" data-id=\"dfbb001\" data-element_type=\"widget\" data-widget_type=\"spacer.default\">\n\t\t\t\t<div class=\"elementor-widget-container\">\n\t\t\t\t\t\t\t<div class=\"elementor-spacer\">\n\t\t\t<div class=\"elementor-spacer-inner\"><\/div>\n\t\t<\/div>\n\t\t\t\t\t\t<\/div>\n\t\t\t\t<\/div>\n\t\t\t\t<\/div>\n\t\t<div class=\"elementor-element elementor-element-3b356b4 e-con-full e-flex e-con e-child\" data-id=\"3b356b4\" data-element_type=\"container\">\n\t\t\t\t<div class=\"elementor-element elementor-element-b9afb6e elementor-widget-tablet__width-inherit elementor-invisible elementor-widget elementor-widget-heading\" data-id=\"b9afb6e\" data-element_type=\"widget\" data-settings=\"{&quot;_animation&quot;:&quot;fadeIn&quot;}\" data-widget_type=\"heading.default\">\n\t\t\t\t<div class=\"elementor-widget-container\">\n\t\t\t\t\t<h2 class=\"elementor-heading-title elementor-size-default\">Kontaktformular<\/h2>\t\t\t\t<\/div>\n\t\t\t\t<\/div>\n\t\t\t\t<div class=\"elementor-element elementor-element-0546330 elementor-widget elementor-widget-text-editor\" data-id=\"0546330\" data-element_type=\"widget\" data-widget_type=\"text-editor.default\">\n\t\t\t\t<div class=\"elementor-widget-container\">\n\t\t\t\t\t\t\t\t\tWir unterst\u00fctzen Sie gern bei der Umsetzung Ihres Vorhabens. Schreiben Sie uns eine Nachricht und wir kontaktieren Sie zeitnah. \t\t\t\t\t\t\t\t<\/div>\n\t\t\t\t<\/div>\n\t\t\t\t<div class=\"elementor-element elementor-element-6eb51f1 elementor-widget elementor-widget-shortcode\" data-id=\"6eb51f1\" data-element_type=\"widget\" data-widget_type=\"shortcode.default\">\n\t\t\t\t<div class=\"elementor-widget-container\">\n\t\t\t\t\t\t\t<div class=\"elementor-shortcode\">\n<div class=\"wpcf7 no-js\" id=\"wpcf7-f7905-o1\" lang=\"de-DE\" dir=\"ltr\" data-wpcf7-id=\"7905\">\n<div class=\"screen-reader-response\"><p role=\"status\" aria-live=\"polite\" aria-atomic=\"true\"><\/p> <ul><\/ul><\/div>\n<form action=\"\/de\/wp-json\/wp\/v2\/pages\/3955#wpcf7-f7905-o1\" method=\"post\" class=\"wpcf7-form init\" aria-label=\"Kontaktformular\" novalidate=\"novalidate\" data-status=\"init\">\n<div style=\"display: none;\">\n<input type=\"hidden\" name=\"_wpcf7\" value=\"7905\" \/>\n<input type=\"hidden\" name=\"_wpcf7_version\" value=\"6.0.6\" \/>\n<input type=\"hidden\" name=\"_wpcf7_locale\" value=\"de_DE\" \/>\n<input type=\"hidden\" name=\"_wpcf7_unit_tag\" value=\"wpcf7-f7905-o1\" \/>\n<input type=\"hidden\" name=\"_wpcf7_container_post\" value=\"0\" \/>\n<input type=\"hidden\" name=\"_wpcf7_posted_data_hash\" value=\"\" \/>\n<input type=\"hidden\" name=\"_wpcf7_recaptcha_response\" value=\"\" \/>\n<\/div>\n<div class=\"cont-form\">\n\t<div class=\"row\">\n\t\t<div class=\"col-md-12\">\n\t\t\t<p><label>Name<\/label>\n\t\t\t<\/p>\n\t\t<\/div>\n\t\t<div class =\"first-last\">\n\t\t\t<div class=\"col-md-6\">\n\t\t\t\t<p><span class=\"wpcf7-form-control-wrap\" data-name=\"text-714\"><input size=\"40\" maxlength=\"400\" class=\"wpcf7-form-control wpcf7-text wpcf7-validates-as-required\" aria-required=\"true\" aria-invalid=\"false\" value=\"\" type=\"text\" name=\"text-714\" \/><\/span><br \/>\n<label>Vorname<\/label>\n\t\t\t\t<\/p>\n\t\t\t<\/div>\n\t\t\t<div class=\"col-md-6\">\n\t\t\t\t<p><span class=\"wpcf7-form-control-wrap\" data-name=\"text-340\"><input size=\"40\" maxlength=\"400\" class=\"wpcf7-form-control wpcf7-text wpcf7-validates-as-required\" aria-required=\"true\" aria-invalid=\"false\" value=\"\" type=\"text\" name=\"text-340\" \/><\/span><br \/>\n<label>Nachname<\/label>\n\t\t\t\t<\/p>\n\t\t\t<\/div>\n\t\t<\/div>\n\t\t<div class=\"col-md-12\">\n\t\t\t<p><label>Email<\/label><br \/>\n<span class=\"wpcf7-form-control-wrap\" data-name=\"email-867\"><input size=\"40\" maxlength=\"400\" class=\"wpcf7-form-control wpcf7-email wpcf7-validates-as-required wpcf7-text wpcf7-validates-as-email\" aria-required=\"true\" aria-invalid=\"false\" value=\"\" type=\"email\" name=\"email-867\" \/><\/span>\n\t\t\t<\/p>\n\t\t<\/div>\n\t\t<div class=\"col-md-12\">\n\t\t\t<p><label>Telefon<\/label><br \/>\n<span class=\"wpcf7-form-control-wrap\" data-name=\"tel-265\"><input size=\"40\" maxlength=\"400\" class=\"wpcf7-form-control wpcf7-tel wpcf7-validates-as-required wpcf7-text wpcf7-validates-as-tel\" aria-required=\"true\" aria-invalid=\"false\" value=\"\" type=\"tel\" name=\"tel-265\" \/><\/span>\n\t\t\t<\/p>\n\t\t<\/div>\n\t\t<div class=\"col-md-12\">\n\t\t\t<p><label>Nachricht<\/label><br \/>\n<span class=\"wpcf7-form-control-wrap\" data-name=\"textarea-8\"><textarea cols=\"40\" rows=\"10\" maxlength=\"2000\" class=\"wpcf7-form-control wpcf7-textarea\" aria-invalid=\"false\" name=\"textarea-8\"><\/textarea><\/span>\n\t\t\t<\/p>\n\t\t<\/div>\n\t\t<div class=\"col-md-12\">\n\t\t\t<p><span class=\"wpcf7-form-control-wrap\" data-name=\"checkbox-182\"><span class=\"wpcf7-form-control wpcf7-checkbox wpcf7-validates-as-required\"><span class=\"wpcf7-list-item first last\"><label><input type=\"checkbox\" name=\"checkbox-182[]\" value=\"Ich stimme der Datenschutzrichtlinie zu\" \/><span class=\"wpcf7-list-item-label\">Ich stimme der Datenschutzrichtlinie zu<\/span><\/label><\/span><\/span><\/span>\n\t\t\t<\/p>\n\t\t<\/div>\n\t<span class=\"wpcf7-form-control-wrap recaptcha\" data-name=\"recaptcha\"><span data-sitekey=\"6LeLxUErAAAAADDBBBKusq_oYodLKiBhBfff-D1E\" class=\"wpcf7-form-control wpcf7-recaptcha g-recaptcha\"><\/span>\r\n<noscript>\r\n\t<div class=\"grecaptcha-noscript\">\r\n\t\t<iframe src=\"https:\/\/www.google.com\/recaptcha\/api\/fallback?k=6LeLxUErAAAAADDBBBKusq_oYodLKiBhBfff-D1E\" frameborder=\"0\" scrolling=\"no\" width=\"310\" height=\"430\">\r\n\t\t<\/iframe>\r\n\t\t<textarea name=\"g-recaptcha-response\" rows=\"3\" cols=\"40\" placeholder=\"reCaptcha Response Here\">\r\n\t\t<\/textarea>\r\n\t<\/div>\r\n<\/noscript>\r\n<\/span>\n\t\t<div class=\"col-md-12\">\n\t\t\t<p><input class=\"wpcf7-form-control wpcf7-submit has-spinner\" type=\"submit\" value=\"Abschicken\" \/>\n\t\t\t<\/p>\n\t\t<\/div>\n\t<\/div>\n<\/div><div class=\"wpcf7-response-output\" aria-hidden=\"true\"><\/div>\n<\/form>\n<\/div>\n<\/div>\n\t\t\t\t\t\t<\/div>\n\t\t\t\t<\/div>\n\t\t\t\t<\/div>\n\t\t\t\t\t<\/div>\n\t\t\t\t<\/div>\n\t\t\t\t<\/div>\n\t\t","protected":false},"excerpt":{"rendered":"<p>Ma\u00dfgefertigte L\u00f6sungen Wir setzen Ihre W\u00fcnsche um. Ma\u00dfgefertigt Wir setzen Ihre W\u00fcnsche um Besprechen Sie Ihr Vorhaben Seit Gr\u00fcndung \u00a0hat sich volatiles darauf spezialisiert, Paneele nach kundenspezifischen W\u00fcnschen zu bauen. Mittlerweile bieten wir jedoch auch Standardgr\u00f6\u00dfen an, welche man im Online Shop bestellen kann. Dar\u00fcber hinaus gibt es weiterhin die M\u00f6glichkeit, das Paneel in praktisch [&hellip;]<\/p>\n","protected":false},"author":1,"featured_media":0,"parent":0,"menu_order":0,"comment_status":"closed","ping_status":"closed","template":"elementor_header_footer","meta":{"footnotes":""},"class_list":["post-3955","page","type-page","status-publish","hentry"],"yoast_head":"<!-- This site is optimized with the Yoast SEO plugin v25.1 - https:\/\/yoast.com\/wordpress\/plugins\/seo\/ -->\n<title>Bespoke - volatiles<\/title>\n<meta name=\"robots\" content=\"index, follow, max-snippet:-1, max-image-preview:large, max-video-preview:-1\" \/>\n<link rel=\"canonical\" href=\"https:\/\/volatiles.de\/de\/bespoke\/\" \/>\n<meta property=\"og:locale\" content=\"de_DE\" \/>\n<meta property=\"og:type\" content=\"article\" \/>\n<meta property=\"og:title\" content=\"Bespoke - volatiles\" \/>\n<meta property=\"og:description\" content=\"Ma\u00dfgefertigte L\u00f6sungen Wir setzen Ihre W\u00fcnsche um. Ma\u00dfgefertigt Wir setzen Ihre W\u00fcnsche um Besprechen Sie Ihr Vorhaben Seit Gr\u00fcndung \u00a0hat sich volatiles darauf spezialisiert, Paneele nach kundenspezifischen W\u00fcnschen zu bauen. Mittlerweile bieten wir jedoch auch Standardgr\u00f6\u00dfen an, welche man im Online Shop bestellen kann. Dar\u00fcber hinaus gibt es weiterhin die M\u00f6glichkeit, das Paneel in praktisch [&hellip;]\" \/>\n<meta property=\"og:url\" content=\"https:\/\/volatiles.de\/de\/bespoke\/\" \/>\n<meta property=\"og:site_name\" content=\"volatiles\" \/>\n<meta property=\"article:publisher\" content=\"https:\/\/www.facebook.com\/volatilestechnologies\" \/>\n<meta property=\"article:modified_time\" content=\"2025-06-25T06:24:19+00:00\" \/>\n<meta property=\"og:image\" content=\"https:\/\/volatiles.de\/wp-content\/uploads\/2024\/03\/Bespoke-section-1.webp\" \/>\n<meta name=\"twitter:card\" content=\"summary_large_image\" \/>\n<meta name=\"twitter:label1\" content=\"Gesch\u00e4tzte Lesezeit\" \/>\n\t<meta name=\"twitter:data1\" content=\"2\u00a0Minuten\" \/>\n<script type=\"application\/ld+json\" class=\"yoast-schema-graph\">{\"@context\":\"https:\/\/schema.org\",\"@graph\":[{\"@type\":\"WebPage\",\"@id\":\"https:\/\/volatiles.de\/de\/bespoke\/\",\"url\":\"https:\/\/volatiles.de\/de\/bespoke\/\",\"name\":\"Bespoke - volatiles\",\"isPartOf\":{\"@id\":\"https:\/\/volatiles.de\/#website\"},\"primaryImageOfPage\":{\"@id\":\"https:\/\/volatiles.de\/de\/bespoke\/#primaryimage\"},\"image\":{\"@id\":\"https:\/\/volatiles.de\/de\/bespoke\/#primaryimage\"},\"thumbnailUrl\":\"https:\/\/volatiles.de\/wp-content\/uploads\/2024\/03\/Bespoke-section-1.webp\",\"datePublished\":\"2023-11-22T09:21:45+00:00\",\"dateModified\":\"2025-06-25T06:24:19+00:00\",\"breadcrumb\":{\"@id\":\"https:\/\/volatiles.de\/de\/bespoke\/#breadcrumb\"},\"inLanguage\":\"de\",\"potentialAction\":[{\"@type\":\"ReadAction\",\"target\":[\"https:\/\/volatiles.de\/de\/bespoke\/\"]}]},{\"@type\":\"ImageObject\",\"inLanguage\":\"de\",\"@id\":\"https:\/\/volatiles.de\/de\/bespoke\/#primaryimage\",\"url\":\"https:\/\/volatiles.de\/wp-content\/uploads\/2024\/03\/Bespoke-section-1.webp\",\"contentUrl\":\"https:\/\/volatiles.de\/wp-content\/uploads\/2024\/03\/Bespoke-section-1.webp\"},{\"@type\":\"BreadcrumbList\",\"@id\":\"https:\/\/volatiles.de\/de\/bespoke\/#breadcrumb\",\"itemListElement\":[{\"@type\":\"ListItem\",\"position\":1,\"name\":\"Home\",\"item\":\"https:\/\/volatiles.de\/de\/\"},{\"@type\":\"ListItem\",\"position\":2,\"name\":\"Bespoke\"}]},{\"@type\":\"WebSite\",\"@id\":\"https:\/\/volatiles.de\/#website\",\"url\":\"https:\/\/volatiles.de\/\",\"name\":\"volatiles\",\"description\":\"Exklusive Lichtpaneele\",\"publisher\":{\"@id\":\"https:\/\/volatiles.de\/#organization\"},\"potentialAction\":[{\"@type\":\"SearchAction\",\"target\":{\"@type\":\"EntryPoint\",\"urlTemplate\":\"https:\/\/volatiles.de\/?s={search_term_string}\"},\"query-input\":{\"@type\":\"PropertyValueSpecification\",\"valueRequired\":true,\"valueName\":\"search_term_string\"}}],\"inLanguage\":\"de\"},{\"@type\":\"Organization\",\"@id\":\"https:\/\/volatiles.de\/#organization\",\"name\":\"volatiles\",\"url\":\"https:\/\/volatiles.de\/\",\"logo\":{\"@type\":\"ImageObject\",\"inLanguage\":\"de\",\"@id\":\"https:\/\/volatiles.de\/#\/schema\/logo\/image\/\",\"url\":\"https:\/\/volatiles.de\/wp-content\/uploads\/2024\/03\/Volatiles-wpform-email.jpg\",\"contentUrl\":\"https:\/\/volatiles.de\/wp-content\/uploads\/2024\/03\/Volatiles-wpform-email.jpg\",\"width\":1232,\"height\":300,\"caption\":\"volatiles\"},\"image\":{\"@id\":\"https:\/\/volatiles.de\/#\/schema\/logo\/image\/\"},\"sameAs\":[\"https:\/\/www.facebook.com\/volatilestechnologies\"]}]}<\/script>\n<!-- \/ Yoast SEO plugin. -->","yoast_head_json":{"title":"Bespoke - volatiles","robots":{"index":"index","follow":"follow","max-snippet":"max-snippet:-1","max-image-preview":"max-image-preview:large","max-video-preview":"max-video-preview:-1"},"canonical":"https:\/\/volatiles.de\/de\/bespoke\/","og_locale":"de_DE","og_type":"article","og_title":"Bespoke - volatiles","og_description":"Ma\u00dfgefertigte L\u00f6sungen Wir setzen Ihre W\u00fcnsche um. Ma\u00dfgefertigt Wir setzen Ihre W\u00fcnsche um Besprechen Sie Ihr Vorhaben Seit Gr\u00fcndung \u00a0hat sich volatiles darauf spezialisiert, Paneele nach kundenspezifischen W\u00fcnschen zu bauen. Mittlerweile bieten wir jedoch auch Standardgr\u00f6\u00dfen an, welche man im Online Shop bestellen kann. Dar\u00fcber hinaus gibt es weiterhin die M\u00f6glichkeit, das Paneel in praktisch [&hellip;]","og_url":"https:\/\/volatiles.de\/de\/bespoke\/","og_site_name":"volatiles","article_publisher":"https:\/\/www.facebook.com\/volatilestechnologies","article_modified_time":"2025-06-25T06:24:19+00:00","og_image":[{"url":"https:\/\/volatiles.de\/wp-content\/uploads\/2024\/03\/Bespoke-section-1.webp","type":"","width":"","height":""}],"twitter_card":"summary_large_image","twitter_misc":{"Gesch\u00e4tzte Lesezeit":"2\u00a0Minuten"},"schema":{"@context":"https:\/\/schema.org","@graph":[{"@type":"WebPage","@id":"https:\/\/volatiles.de\/de\/bespoke\/","url":"https:\/\/volatiles.de\/de\/bespoke\/","name":"Bespoke - volatiles","isPartOf":{"@id":"https:\/\/volatiles.de\/#website"},"primaryImageOfPage":{"@id":"https:\/\/volatiles.de\/de\/bespoke\/#primaryimage"},"image":{"@id":"https:\/\/volatiles.de\/de\/bespoke\/#primaryimage"},"thumbnailUrl":"https:\/\/volatiles.de\/wp-content\/uploads\/2024\/03\/Bespoke-section-1.webp","datePublished":"2023-11-22T09:21:45+00:00","dateModified":"2025-06-25T06:24:19+00:00","breadcrumb":{"@id":"https:\/\/volatiles.de\/de\/bespoke\/#breadcrumb"},"inLanguage":"de","potentialAction":[{"@type":"ReadAction","target":["https:\/\/volatiles.de\/de\/bespoke\/"]}]},{"@type":"ImageObject","inLanguage":"de","@id":"https:\/\/volatiles.de\/de\/bespoke\/#primaryimage","url":"https:\/\/volatiles.de\/wp-content\/uploads\/2024\/03\/Bespoke-section-1.webp","contentUrl":"https:\/\/volatiles.de\/wp-content\/uploads\/2024\/03\/Bespoke-section-1.webp"},{"@type":"BreadcrumbList","@id":"https:\/\/volatiles.de\/de\/bespoke\/#breadcrumb","itemListElement":[{"@type":"ListItem","position":1,"name":"Home","item":"https:\/\/volatiles.de\/de\/"},{"@type":"ListItem","position":2,"name":"Bespoke"}]},{"@type":"WebSite","@id":"https:\/\/volatiles.de\/#website","url":"https:\/\/volatiles.de\/","name":"volatiles","description":"Exklusive Lichtpaneele","publisher":{"@id":"https:\/\/volatiles.de\/#organization"},"potentialAction":[{"@type":"SearchAction","target":{"@type":"EntryPoint","urlTemplate":"https:\/\/volatiles.de\/?s={search_term_string}"},"query-input":{"@type":"PropertyValueSpecification","valueRequired":true,"valueName":"search_term_string"}}],"inLanguage":"de"},{"@type":"Organization","@id":"https:\/\/volatiles.de\/#organization","name":"volatiles","url":"https:\/\/volatiles.de\/","logo":{"@type":"ImageObject","inLanguage":"de","@id":"https:\/\/volatiles.de\/#\/schema\/logo\/image\/","url":"https:\/\/volatiles.de\/wp-content\/uploads\/2024\/03\/Volatiles-wpform-email.jpg","contentUrl":"https:\/\/volatiles.de\/wp-content\/uploads\/2024\/03\/Volatiles-wpform-email.jpg","width":1232,"height":300,"caption":"volatiles"},"image":{"@id":"https:\/\/volatiles.de\/#\/schema\/logo\/image\/"},"sameAs":["https:\/\/www.facebook.com\/volatilestechnologies"]}]}},"_links":{"self":[{"href":"https:\/\/volatiles.de\/de\/wp-json\/wp\/v2\/pages\/3955","targetHints":{"allow":["GET"]}}],"collection":[{"href":"https:\/\/volatiles.de\/de\/wp-json\/wp\/v2\/pages"}],"about":[{"href":"https:\/\/volatiles.de\/de\/wp-json\/wp\/v2\/types\/page"}],"author":[{"embeddable":true,"href":"https:\/\/volatiles.de\/de\/wp-json\/wp\/v2\/users\/1"}],"replies":[{"embeddable":true,"href":"https:\/\/volatiles.de\/de\/wp-json\/wp\/v2\/comments?post=3955"}],"version-history":[{"count":181,"href":"https:\/\/volatiles.de\/de\/wp-json\/wp\/v2\/pages\/3955\/revisions"}],"predecessor-version":[{"id":8025,"href":"https:\/\/volatiles.de\/de\/wp-json\/wp\/v2\/pages\/3955\/revisions\/8025"}],"wp:attachment":[{"href":"https:\/\/volatiles.de\/de\/wp-json\/wp\/v2\/media?parent=3955"}],"curies":[{"name":"wp","href":"https:\/\/api.w.org\/{rel}","templated":true}]}}