{"id":5104,"date":"2023-12-11T11:54:34","date_gmt":"2023-12-11T11:54:34","guid":{"rendered":"https:\/\/volatiles.de\/?page_id=5104"},"modified":"2024-03-25T15:40:41","modified_gmt":"2024-03-25T14:40:41","slug":"imprint","status":"publish","type":"page","link":"https:\/\/volatiles.de\/de\/imprint\/","title":{"rendered":"Imprint"},"content":{"rendered":"\t\t<div data-elementor-type=\"wp-page\" data-elementor-id=\"5104\" class=\"elementor elementor-5104\" data-elementor-post-type=\"page\">\n\t\t\t\t<div class=\"elementor-element elementor-element-3f38100 e-flex e-con-boxed e-con e-parent\" data-id=\"3f38100\" data-element_type=\"container\" data-settings=\"{&quot;background_background&quot;:&quot;classic&quot;}\">\n\t\t\t\t\t<div class=\"e-con-inner\">\n\t\t\t\t<div class=\"elementor-element elementor-element-4a65323 elementor-widget elementor-widget-heading\" data-id=\"4a65323\" data-element_type=\"widget\" data-widget_type=\"heading.default\">\n\t\t\t\t<div class=\"elementor-widget-container\">\n\t\t\t\t\t<h1 class=\"elementor-heading-title elementor-size-default\">Impressum <\/h1>\t\t\t\t<\/div>\n\t\t\t\t<\/div>\n\t\t\t\t<div class=\"elementor-element elementor-element-eb33973 elementor-widget elementor-widget-text-editor\" data-id=\"eb33973\" data-element_type=\"widget\" data-widget_type=\"text-editor.default\">\n\t\t\t\t<div class=\"elementor-widget-container\">\n\t\t\t\t\t\t\t\t\t<p>Showroom:<br \/>BUDAPESTER SALON<br \/>Budapester Stra\u00dfe 22<br \/>10787 Berlin<br \/>Deutschland<\/p><p>Telefon: +49 (0)30 2300 5978<br \/>Email: dialog@volatiles-de-325244.hostingersite.com<\/p><p>Firmenanschrift:<br \/>volatiles technologies GmbH<br \/>Uetzer Steig 26<br \/>14089 Berlin<br \/>Deutschland<\/p><p>Kontakt:<br \/>Telefon: +49 (0)30 555 734 49 &#8211; 0<br \/>Email: dialog@volatiles-de-325244.hostingersite.com<\/p><p>Sitz der Gesellschaft:<br \/>Berlin<br \/>Amtsgericht Berlin-Charlottenburg: HRB 251072 B<br \/>USt-ID Nr.: DE 360 035 049<br \/>Gesch\u00e4ftsf\u00fchrer: F. N\u00fcbling<\/p><p>WEEE-Reg. Nummer: DE 28669921<br \/>Inhaltlich Verantwortlicher gem\u00e4\u00df \u00a7 5 TMG geregelt: F. Nuebling<\/p><p>Das volatiles Logo ist als Bildmarke unter dem Aktenzeichen 30 2016 233 713 beim Deutschen Patent- und Markenamt (DPMA) eingetragen.<\/p><p>Alternative Streitbeilegung:<br \/>Die EU-Kommission stellt im Internet unter folgendem Link eine Plattform zur Online-Streitbeilegung bereit: https:\/\/ec.europa.eu\/consumers\/odr.<br \/>Diese Plattform dient als Anlaufstelle zur au\u00dfergerichtlichen Beilegung von Streitigkeiten aus Online-Kauf- oder Dienstleistungsvertr\u00e4gen, an denen ein Verbraucher beteiligt ist.<\/p>\t\t\t\t\t\t\t\t<\/div>\n\t\t\t\t<\/div>\n\t\t\t\t\t<\/div>\n\t\t\t\t<\/div>\n\t\t\t\t<\/div>\n\t\t","protected":false},"excerpt":{"rendered":"<p>Impressum Showroom:BUDAPESTER SALONBudapester Stra\u00dfe 2210787 BerlinDeutschland Telefon: +49 (0)30 2300 5978Email: dialog@volatiles-de-325244.hostingersite.com Firmenanschrift:volatiles technologies GmbHUetzer Steig 2614089 BerlinDeutschland Kontakt:Telefon: +49 (0)30 555 734 49 &#8211; 0Email: dialog@volatiles-de-325244.hostingersite.com Sitz der Gesellschaft:BerlinAmtsgericht Berlin-Charlottenburg: HRB 251072 BUSt-ID Nr.: DE 360 035 049Gesch\u00e4ftsf\u00fchrer: F. N\u00fcbling WEEE-Reg. Nummer: DE 28669921Inhaltlich Verantwortlicher gem\u00e4\u00df \u00a7 5 TMG geregelt: F. Nuebling Das volatiles [&hellip;]<\/p>\n","protected":false},"author":4,"featured_media":0,"parent":0,"menu_order":0,"comment_status":"closed","ping_status":"closed","template":"","meta":{"footnotes":""},"class_list":["post-5104","page","type-page","status-publish","hentry"],"yoast_head":"<!-- This site is optimized with the Yoast SEO plugin v25.1 - https:\/\/yoast.com\/wordpress\/plugins\/seo\/ -->\n<title>Imprint - volatiles<\/title>\n<meta name=\"robots\" content=\"index, follow, max-snippet:-1, max-image-preview:large, max-video-preview:-1\" \/>\n<link rel=\"canonical\" href=\"https:\/\/volatiles.de\/de\/imprint\/\" \/>\n<meta property=\"og:locale\" content=\"de_DE\" \/>\n<meta property=\"og:type\" content=\"article\" \/>\n<meta property=\"og:title\" content=\"Imprint - volatiles\" \/>\n<meta property=\"og:description\" content=\"Impressum Showroom:BUDAPESTER SALONBudapester Stra\u00dfe 2210787 BerlinDeutschland Telefon: +49 (0)30 2300 5978Email: dialog@volatiles-de-325244.hostingersite.com Firmenanschrift:volatiles technologies GmbHUetzer Steig 2614089 BerlinDeutschland Kontakt:Telefon: +49 (0)30 555 734 49 &#8211; 0Email: dialog@volatiles-de-325244.hostingersite.com Sitz der Gesellschaft:BerlinAmtsgericht Berlin-Charlottenburg: HRB 251072 BUSt-ID Nr.: DE 360 035 049Gesch\u00e4ftsf\u00fchrer: F. N\u00fcbling WEEE-Reg. Nummer: DE 28669921Inhaltlich Verantwortlicher gem\u00e4\u00df \u00a7 5 TMG geregelt: F. Nuebling Das volatiles [&hellip;]\" \/>\n<meta property=\"og:url\" content=\"https:\/\/volatiles.de\/de\/imprint\/\" \/>\n<meta property=\"og:site_name\" content=\"volatiles\" \/>\n<meta property=\"article:publisher\" content=\"https:\/\/www.facebook.com\/volatilestechnologies\" \/>\n<meta property=\"article:modified_time\" content=\"2024-03-25T14:40:41+00:00\" \/>\n<meta property=\"og:image\" content=\"https:\/\/volatiles.de\/wp-content\/uploads\/2024\/04\/Volatiles-logo-1200-x-675-1.png\" \/>\n\t<meta property=\"og:image:width\" content=\"1200\" \/>\n\t<meta property=\"og:image:height\" content=\"675\" \/>\n\t<meta property=\"og:image:type\" content=\"image\/png\" \/>\n<meta name=\"twitter:card\" content=\"summary_large_image\" \/>\n<meta name=\"twitter:label1\" content=\"Gesch\u00e4tzte Lesezeit\" \/>\n\t<meta name=\"twitter:data1\" content=\"1\u00a0Minute\" \/>\n<script type=\"application\/ld+json\" class=\"yoast-schema-graph\">{\"@context\":\"https:\/\/schema.org\",\"@graph\":[{\"@type\":\"WebPage\",\"@id\":\"https:\/\/volatiles.de\/de\/imprint\/\",\"url\":\"https:\/\/volatiles.de\/de\/imprint\/\",\"name\":\"Imprint - volatiles\",\"isPartOf\":{\"@id\":\"https:\/\/volatiles.de\/#website\"},\"datePublished\":\"2023-12-11T11:54:34+00:00\",\"dateModified\":\"2024-03-25T14:40:41+00:00\",\"breadcrumb\":{\"@id\":\"https:\/\/volatiles.de\/de\/imprint\/#breadcrumb\"},\"inLanguage\":\"de\",\"potentialAction\":[{\"@type\":\"ReadAction\",\"target\":[\"https:\/\/volatiles.de\/de\/imprint\/\"]}]},{\"@type\":\"BreadcrumbList\",\"@id\":\"https:\/\/volatiles.de\/de\/imprint\/#breadcrumb\",\"itemListElement\":[{\"@type\":\"ListItem\",\"position\":1,\"name\":\"Home\",\"item\":\"https:\/\/volatiles.de\/de\/\"},{\"@type\":\"ListItem\",\"position\":2,\"name\":\"Imprint\"}]},{\"@type\":\"WebSite\",\"@id\":\"https:\/\/volatiles.de\/#website\",\"url\":\"https:\/\/volatiles.de\/\",\"name\":\"volatiles\",\"description\":\"Exklusive Lichtpaneele\",\"publisher\":{\"@id\":\"https:\/\/volatiles.de\/#organization\"},\"potentialAction\":[{\"@type\":\"SearchAction\",\"target\":{\"@type\":\"EntryPoint\",\"urlTemplate\":\"https:\/\/volatiles.de\/?s={search_term_string}\"},\"query-input\":{\"@type\":\"PropertyValueSpecification\",\"valueRequired\":true,\"valueName\":\"search_term_string\"}}],\"inLanguage\":\"de\"},{\"@type\":\"Organization\",\"@id\":\"https:\/\/volatiles.de\/#organization\",\"name\":\"volatiles\",\"url\":\"https:\/\/volatiles.de\/\",\"logo\":{\"@type\":\"ImageObject\",\"inLanguage\":\"de\",\"@id\":\"https:\/\/volatiles.de\/#\/schema\/logo\/image\/\",\"url\":\"https:\/\/volatiles.de\/wp-content\/uploads\/2024\/03\/Volatiles-wpform-email.jpg\",\"contentUrl\":\"https:\/\/volatiles.de\/wp-content\/uploads\/2024\/03\/Volatiles-wpform-email.jpg\",\"width\":1232,\"height\":300,\"caption\":\"volatiles\"},\"image\":{\"@id\":\"https:\/\/volatiles.de\/#\/schema\/logo\/image\/\"},\"sameAs\":[\"https:\/\/www.facebook.com\/volatilestechnologies\"]}]}<\/script>\n<!-- \/ Yoast SEO plugin. -->","yoast_head_json":{"title":"Imprint - volatiles","robots":{"index":"index","follow":"follow","max-snippet":"max-snippet:-1","max-image-preview":"max-image-preview:large","max-video-preview":"max-video-preview:-1"},"canonical":"https:\/\/volatiles.de\/de\/imprint\/","og_locale":"de_DE","og_type":"article","og_title":"Imprint - volatiles","og_description":"Impressum Showroom:BUDAPESTER SALONBudapester Stra\u00dfe 2210787 BerlinDeutschland Telefon: +49 (0)30 2300 5978Email: dialog@volatiles-de-325244.hostingersite.com Firmenanschrift:volatiles technologies GmbHUetzer Steig 2614089 BerlinDeutschland Kontakt:Telefon: +49 (0)30 555 734 49 &#8211; 0Email: dialog@volatiles-de-325244.hostingersite.com Sitz der Gesellschaft:BerlinAmtsgericht Berlin-Charlottenburg: HRB 251072 BUSt-ID Nr.: DE 360 035 049Gesch\u00e4ftsf\u00fchrer: F. N\u00fcbling WEEE-Reg. Nummer: DE 28669921Inhaltlich Verantwortlicher gem\u00e4\u00df \u00a7 5 TMG geregelt: F. Nuebling Das volatiles [&hellip;]","og_url":"https:\/\/volatiles.de\/de\/imprint\/","og_site_name":"volatiles","article_publisher":"https:\/\/www.facebook.com\/volatilestechnologies","article_modified_time":"2024-03-25T14:40:41+00:00","og_image":[{"width":1200,"height":675,"url":"https:\/\/volatiles.de\/wp-content\/uploads\/2024\/04\/Volatiles-logo-1200-x-675-1.png","type":"image\/png"}],"twitter_card":"summary_large_image","twitter_misc":{"Gesch\u00e4tzte Lesezeit":"1\u00a0Minute"},"schema":{"@context":"https:\/\/schema.org","@graph":[{"@type":"WebPage","@id":"https:\/\/volatiles.de\/de\/imprint\/","url":"https:\/\/volatiles.de\/de\/imprint\/","name":"Imprint - volatiles","isPartOf":{"@id":"https:\/\/volatiles.de\/#website"},"datePublished":"2023-12-11T11:54:34+00:00","dateModified":"2024-03-25T14:40:41+00:00","breadcrumb":{"@id":"https:\/\/volatiles.de\/de\/imprint\/#breadcrumb"},"inLanguage":"de","potentialAction":[{"@type":"ReadAction","target":["https:\/\/volatiles.de\/de\/imprint\/"]}]},{"@type":"BreadcrumbList","@id":"https:\/\/volatiles.de\/de\/imprint\/#breadcrumb","itemListElement":[{"@type":"ListItem","position":1,"name":"Home","item":"https:\/\/volatiles.de\/de\/"},{"@type":"ListItem","position":2,"name":"Imprint"}]},{"@type":"WebSite","@id":"https:\/\/volatiles.de\/#website","url":"https:\/\/volatiles.de\/","name":"volatiles","description":"Exklusive Lichtpaneele","publisher":{"@id":"https:\/\/volatiles.de\/#organization"},"potentialAction":[{"@type":"SearchAction","target":{"@type":"EntryPoint","urlTemplate":"https:\/\/volatiles.de\/?s={search_term_string}"},"query-input":{"@type":"PropertyValueSpecification","valueRequired":true,"valueName":"search_term_string"}}],"inLanguage":"de"},{"@type":"Organization","@id":"https:\/\/volatiles.de\/#organization","name":"volatiles","url":"https:\/\/volatiles.de\/","logo":{"@type":"ImageObject","inLanguage":"de","@id":"https:\/\/volatiles.de\/#\/schema\/logo\/image\/","url":"https:\/\/volatiles.de\/wp-content\/uploads\/2024\/03\/Volatiles-wpform-email.jpg","contentUrl":"https:\/\/volatiles.de\/wp-content\/uploads\/2024\/03\/Volatiles-wpform-email.jpg","width":1232,"height":300,"caption":"volatiles"},"image":{"@id":"https:\/\/volatiles.de\/#\/schema\/logo\/image\/"},"sameAs":["https:\/\/www.facebook.com\/volatilestechnologies"]}]}},"_links":{"self":[{"href":"https:\/\/volatiles.de\/de\/wp-json\/wp\/v2\/pages\/5104","targetHints":{"allow":["GET"]}}],"collection":[{"href":"https:\/\/volatiles.de\/de\/wp-json\/wp\/v2\/pages"}],"about":[{"href":"https:\/\/volatiles.de\/de\/wp-json\/wp\/v2\/types\/page"}],"author":[{"embeddable":true,"href":"https:\/\/volatiles.de\/de\/wp-json\/wp\/v2\/users\/4"}],"replies":[{"embeddable":true,"href":"https:\/\/volatiles.de\/de\/wp-json\/wp\/v2\/comments?post=5104"}],"version-history":[{"count":13,"href":"https:\/\/volatiles.de\/de\/wp-json\/wp\/v2\/pages\/5104\/revisions"}],"predecessor-version":[{"id":7833,"href":"https:\/\/volatiles.de\/de\/wp-json\/wp\/v2\/pages\/5104\/revisions\/7833"}],"wp:attachment":[{"href":"https:\/\/volatiles.de\/de\/wp-json\/wp\/v2\/media?parent=5104"}],"curies":[{"name":"wp","href":"https:\/\/api.w.org\/{rel}","templated":true}]}}