{"id":1649,"date":"2023-11-02T06:42:03","date_gmt":"2023-11-02T06:42:03","guid":{"rendered":"https:\/\/volatiles.de\/?post_type=product&#038;p=1649"},"modified":"2024-03-01T19:31:18","modified_gmt":"2024-03-01T19:31:18","slug":"mosaic-white","status":"publish","type":"product","link":"https:\/\/volatiles.de\/de\/produkt\/mosaic-white\/","title":{"rendered":"Glasmosaik &#8211; Snow"},"content":{"rendered":"\t\t<div data-elementor-type=\"product-post\" data-elementor-id=\"1649\" class=\"elementor elementor-1649\" data-elementor-post-type=\"product\">\n\t\t\t\t<div class=\"elementor-element elementor-element-1b85033 e-flex e-con-boxed e-con e-parent\" data-id=\"1b85033\" data-element_type=\"container\">\n\t\t\t\t\t<div class=\"e-con-inner\">\n\t\t\t\t<div class=\"elementor-element elementor-element-c6dbc31 elementor-widget__width-initial elementor-widget elementor-widget-video\" data-id=\"c6dbc31\" data-element_type=\"widget\" data-settings=\"{&quot;video_type&quot;:&quot;hosted&quot;,&quot;autoplay&quot;:&quot;yes&quot;,&quot;play_on_mobile&quot;:&quot;yes&quot;,&quot;mute&quot;:&quot;yes&quot;,&quot;loop&quot;:&quot;yes&quot;,&quot;show_image_overlay&quot;:&quot;yes&quot;,&quot;image_overlay&quot;:{&quot;url&quot;:&quot;https:\\\/\\\/volatiles.de\\\/wp-content\\\/uploads\\\/2023\\\/11\\\/Lichtszenen.png&quot;,&quot;id&quot;:7271,&quot;size&quot;:&quot;&quot;,&quot;alt&quot;:&quot;&quot;,&quot;source&quot;:&quot;library&quot;},&quot;lightbox&quot;:&quot;yes&quot;,&quot;controls&quot;:&quot;yes&quot;}\" data-widget_type=\"video.default\">\n\t\t\t\t<div class=\"elementor-widget-container\">\n\t\t\t\t\t\t\t<div class=\"e-hosted-video elementor-wrapper elementor-open-lightbox\">\n\t\t\t\t\t\t\t<div class=\"elementor-custom-embed-image-overlay\" data-elementor-open-lightbox=\"yes\" data-elementor-lightbox=\"{&quot;type&quot;:&quot;video&quot;,&quot;videoType&quot;:&quot;hosted&quot;,&quot;url&quot;:&quot;https:\\\/\\\/volatiles.de\\\/wp-content\\\/uploads\\\/2023\\\/11\\\/Mosaic-White-ios_3.mp4&quot;,&quot;autoplay&quot;:&quot;yes&quot;,&quot;modalOptions&quot;:{&quot;id&quot;:&quot;elementor-lightbox-c6dbc31&quot;,&quot;entranceAnimation&quot;:&quot;&quot;,&quot;entranceAnimation_tablet&quot;:&quot;&quot;,&quot;entranceAnimation_mobile&quot;:&quot;&quot;,&quot;videoAspectRatio&quot;:&quot;11&quot;},&quot;videoParams&quot;:{&quot;autoplay&quot;:&quot;&quot;,&quot;loop&quot;:&quot;&quot;,&quot;controls&quot;:&quot;&quot;,&quot;muted&quot;:&quot;muted&quot;,&quot;playsinline&quot;:&quot;&quot;,&quot;controlsList&quot;:&quot;nodownload&quot;}}\" data-e-action-hash=\"#elementor-action%3Aaction%3Dlightbox%26settings%3DeyJ0eXBlIjoidmlkZW8iLCJ2aWRlb1R5cGUiOiJob3N0ZWQiLCJ1cmwiOiJodHRwczpcL1wvdm9sYXRpbGVzLmRlXC93cC1jb250ZW50XC91cGxvYWRzXC8yMDIzXC8xMVwvTW9zYWljLVdoaXRlLWlvc18zLm1wNCIsImF1dG9wbGF5IjoieWVzIiwibW9kYWxPcHRpb25zIjp7ImlkIjoiZWxlbWVudG9yLWxpZ2h0Ym94LWM2ZGJjMzEiLCJlbnRyYW5jZUFuaW1hdGlvbiI6IiIsImVudHJhbmNlQW5pbWF0aW9uX3RhYmxldCI6IiIsImVudHJhbmNlQW5pbWF0aW9uX21vYmlsZSI6IiIsInZpZGVvQXNwZWN0UmF0aW8iOiIxMSJ9LCJ2aWRlb1BhcmFtcyI6eyJhdXRvcGxheSI6IiIsImxvb3AiOiIiLCJjb250cm9scyI6IiIsIm11dGVkIjoibXV0ZWQiLCJwbGF5c2lubGluZSI6IiIsImNvbnRyb2xzTGlzdCI6Im5vZG93bmxvYWQifX0%3D\">\n\t\t\t\t\t\t\t\t\t\t\t<img decoding=\"async\" width=\"518\" height=\"94\" src=\"https:\/\/volatiles.de\/wp-content\/uploads\/2023\/11\/Lichtszenen.png\" class=\"attachment-full size-full wp-image-7271\" alt=\"\" srcset=\"https:\/\/volatiles.de\/wp-content\/uploads\/2023\/11\/Lichtszenen.png 518w, https:\/\/volatiles.de\/wp-content\/uploads\/2023\/11\/Lichtszenen-300x54.png 300w, https:\/\/volatiles.de\/wp-content\/uploads\/2023\/11\/Lichtszenen-24x4.png 24w, https:\/\/volatiles.de\/wp-content\/uploads\/2023\/11\/Lichtszenen-36x7.png 36w, https:\/\/volatiles.de\/wp-content\/uploads\/2023\/11\/Lichtszenen-48x9.png 48w\" sizes=\"(max-width: 518px) 100vw, 518px\" \/>\t\t\t\t\t\t\t\t\t\t\t\t\t\t<\/div>\n\t\t\t\t\t<\/div>\n\t\t\t\t\t\t<\/div>\n\t\t\t\t<\/div>\n\t\t\t\t<div class=\"elementor-element elementor-element-aef95fb elementor-widget elementor-widget-heading\" data-id=\"aef95fb\" data-element_type=\"widget\" data-widget_type=\"heading.default\">\n\t\t\t\t<div class=\"elementor-widget-container\">\n\t\t\t\t\t<h2 class=\"elementor-heading-title elementor-size-default\">Beschreibung<\/h2>\t\t\t\t<\/div>\n\t\t\t\t<\/div>\n\t\t\t\t<div class=\"elementor-element elementor-element-f562b06 elementor-widget-divider--view-line elementor-widget elementor-widget-divider\" data-id=\"f562b06\" data-element_type=\"widget\" data-widget_type=\"divider.default\">\n\t\t\t\t<div class=\"elementor-widget-container\">\n\t\t\t\t\t\t\t<div class=\"elementor-divider\">\n\t\t\t<span class=\"elementor-divider-separator\">\n\t\t\t\t\t\t<\/span>\n\t\t<\/div>\n\t\t\t\t\t\t<\/div>\n\t\t\t\t<\/div>\n\t\t\t\t<div class=\"elementor-element elementor-element-154c210 elementor-widget elementor-widget-text-editor\" data-id=\"154c210\" data-element_type=\"widget\" data-widget_type=\"text-editor.default\">\n\t\t\t\t<div class=\"elementor-widget-container\">\n\t\t\t\t\t\t\t\t\t<p>Elegantes italienisches Glasmosaik verwandelt sich durch Lichteinwirkung in eine faszinierende Oberfl\u00e4che, welches nicht nur bespielbar ist, sondern auch interaktiv. Die Mosaike der Farbe Snow sind leicht gl\u00e4nzend und homogen wei\u00df. Als Fugenmaterial wird mattwei\u00dfes Epoxidharz verwendet, alles eingerahmt in einem passgenauen Rahmen aus eloxiertem Aluminium in den Farben silber matt, schwarz matt oder bronze matt.<\/p>\t\t\t\t\t\t\t\t<\/div>\n\t\t\t\t<\/div>\n\t\t\t\t\t<\/div>\n\t\t\t\t<\/div>\n\t\t<div class=\"elementor-element elementor-element-8e718be e-flex e-con-boxed e-con e-parent\" data-id=\"8e718be\" data-element_type=\"container\">\n\t\t\t\t\t<div class=\"e-con-inner\">\n\t\t<div class=\"elementor-element elementor-element-7c1c202 e-con-full elementor-hidden-mobile e-flex e-con e-child\" data-id=\"7c1c202\" data-element_type=\"container\">\n\t\t\t\t<div class=\"elementor-element elementor-element-4e356ab elementor-position-top elementor-widget elementor-widget-image-box\" data-id=\"4e356ab\" data-element_type=\"widget\" data-widget_type=\"image-box.default\">\n\t\t\t\t<div class=\"elementor-widget-container\">\n\t\t\t\t\t<div class=\"elementor-image-box-wrapper\"><figure class=\"elementor-image-box-img\"><img decoding=\"async\" width=\"100\" height=\"100\" src=\"https:\/\/volatiles.de\/wp-content\/uploads\/2023\/11\/Dimmable-1.png\" class=\"attachment-full size-full wp-image-2681\" alt=\"\" srcset=\"https:\/\/volatiles.de\/wp-content\/uploads\/2023\/11\/Dimmable-1.png 100w, https:\/\/volatiles.de\/wp-content\/uploads\/2023\/11\/Dimmable-1-24x24.png 24w, https:\/\/volatiles.de\/wp-content\/uploads\/2023\/11\/Dimmable-1-36x36.png 36w, https:\/\/volatiles.de\/wp-content\/uploads\/2023\/11\/Dimmable-1-48x48.png 48w\" sizes=\"(max-width: 100px) 100vw, 100px\" \/><\/figure><div class=\"elementor-image-box-content\"><h3 class=\"elementor-image-box-title\">Dimmbar<\/h3><\/div><\/div>\t\t\t\t<\/div>\n\t\t\t\t<\/div>\n\t\t\t\t<\/div>\n\t\t<div class=\"elementor-element elementor-element-c13402c e-con-full e-flex e-con e-child\" data-id=\"c13402c\" data-element_type=\"container\">\n\t\t\t\t<div class=\"elementor-element elementor-element-e234e06 elementor-position-top elementor-widget elementor-widget-image-box\" data-id=\"e234e06\" data-element_type=\"widget\" data-widget_type=\"image-box.default\">\n\t\t\t\t<div class=\"elementor-widget-container\">\n\t\t\t\t\t<div class=\"elementor-image-box-wrapper\"><figure class=\"elementor-image-box-img\"><img decoding=\"async\" width=\"100\" height=\"100\" src=\"https:\/\/volatiles.de\/wp-content\/uploads\/2023\/11\/25_Scenes-1.png\" class=\"attachment-full size-full wp-image-2679\" alt=\"\" srcset=\"https:\/\/volatiles.de\/wp-content\/uploads\/2023\/11\/25_Scenes-1.png 100w, https:\/\/volatiles.de\/wp-content\/uploads\/2023\/11\/25_Scenes-1-24x24.png 24w, https:\/\/volatiles.de\/wp-content\/uploads\/2023\/11\/25_Scenes-1-36x36.png 36w, https:\/\/volatiles.de\/wp-content\/uploads\/2023\/11\/25_Scenes-1-48x48.png 48w\" sizes=\"(max-width: 100px) 100vw, 100px\" \/><\/figure><div class=\"elementor-image-box-content\"><h3 class=\"elementor-image-box-title\">Lichtszenen<\/h3><\/div><\/div>\t\t\t\t<\/div>\n\t\t\t\t<\/div>\n\t\t\t\t<\/div>\n\t\t<div class=\"elementor-element elementor-element-e81b4d1 e-con-full e-flex e-con e-child\" data-id=\"e81b4d1\" data-element_type=\"container\">\n\t\t\t\t<div class=\"elementor-element elementor-element-80e2e90 elementor-position-top elementor-widget elementor-widget-image-box\" data-id=\"80e2e90\" data-element_type=\"widget\" data-widget_type=\"image-box.default\">\n\t\t\t\t<div class=\"elementor-widget-container\">\n\t\t\t\t\t<div class=\"elementor-image-box-wrapper\"><figure class=\"elementor-image-box-img\"><img loading=\"lazy\" decoding=\"async\" width=\"100\" height=\"100\" src=\"https:\/\/volatiles.de\/wp-content\/uploads\/2023\/11\/App_Control-1.png\" class=\"attachment-full size-full wp-image-2680\" alt=\"\" srcset=\"https:\/\/volatiles.de\/wp-content\/uploads\/2023\/11\/App_Control-1.png 100w, https:\/\/volatiles.de\/wp-content\/uploads\/2023\/11\/App_Control-1-24x24.png 24w, https:\/\/volatiles.de\/wp-content\/uploads\/2023\/11\/App_Control-1-36x36.png 36w, https:\/\/volatiles.de\/wp-content\/uploads\/2023\/11\/App_Control-1-48x48.png 48w\" sizes=\"(max-width: 100px) 100vw, 100px\" \/><\/figure><div class=\"elementor-image-box-content\"><h3 class=\"elementor-image-box-title\">App Steuerung<\/h3><\/div><\/div>\t\t\t\t<\/div>\n\t\t\t\t<\/div>\n\t\t\t\t<\/div>\n\t\t<div class=\"elementor-element elementor-element-e0471eb e-con-full e-flex e-con e-child\" data-id=\"e0471eb\" data-element_type=\"container\">\n\t\t\t\t<div class=\"elementor-element elementor-element-6b1fdcf elementor-position-top elementor-widget elementor-widget-image-box\" data-id=\"6b1fdcf\" data-element_type=\"widget\" data-widget_type=\"image-box.default\">\n\t\t\t\t<div class=\"elementor-widget-container\">\n\t\t\t\t\t<div class=\"elementor-image-box-wrapper\"><figure class=\"elementor-image-box-img\"><img loading=\"lazy\" decoding=\"async\" width=\"100\" height=\"100\" src=\"https:\/\/volatiles.de\/wp-content\/uploads\/2023\/11\/Video_Input.png\" class=\"attachment-full size-full wp-image-5418\" alt=\"\" srcset=\"https:\/\/volatiles.de\/wp-content\/uploads\/2023\/11\/Video_Input.png 100w, https:\/\/volatiles.de\/wp-content\/uploads\/2023\/11\/Video_Input-24x24.png 24w, https:\/\/volatiles.de\/wp-content\/uploads\/2023\/11\/Video_Input-36x36.png 36w, https:\/\/volatiles.de\/wp-content\/uploads\/2023\/11\/Video_Input-48x48.png 48w\" sizes=\"(max-width: 100px) 100vw, 100px\" \/><\/figure><div class=\"elementor-image-box-content\"><h3 class=\"elementor-image-box-title\">Video Input<\/h3><\/div><\/div>\t\t\t\t<\/div>\n\t\t\t\t<\/div>\n\t\t\t\t<\/div>\n\t\t<div class=\"elementor-element elementor-element-853de0c e-con-full e-flex e-con e-child\" data-id=\"853de0c\" data-element_type=\"container\">\n\t\t\t\t<div class=\"elementor-element elementor-element-09ccad7 elementor-position-top elementor-widget elementor-widget-image-box\" data-id=\"09ccad7\" data-element_type=\"widget\" data-widget_type=\"image-box.default\">\n\t\t\t\t<div class=\"elementor-widget-container\">\n\t\t\t\t\t<div class=\"elementor-image-box-wrapper\"><figure class=\"elementor-image-box-img\"><img loading=\"lazy\" decoding=\"async\" width=\"100\" height=\"100\" src=\"https:\/\/volatiles.de\/wp-content\/uploads\/2023\/11\/Touch_Control-2.png\" class=\"attachment-full size-full wp-image-2683\" alt=\"\" srcset=\"https:\/\/volatiles.de\/wp-content\/uploads\/2023\/11\/Touch_Control-2.png 100w, https:\/\/volatiles.de\/wp-content\/uploads\/2023\/11\/Touch_Control-2-24x24.png 24w, https:\/\/volatiles.de\/wp-content\/uploads\/2023\/11\/Touch_Control-2-36x36.png 36w, https:\/\/volatiles.de\/wp-content\/uploads\/2023\/11\/Touch_Control-2-48x48.png 48w\" sizes=\"(max-width: 100px) 100vw, 100px\" \/><\/figure><div class=\"elementor-image-box-content\"><h3 class=\"elementor-image-box-title\">Touch Sensorik<\/h3><\/div><\/div>\t\t\t\t<\/div>\n\t\t\t\t<\/div>\n\t\t\t\t<\/div>\n\t\t\t\t\t<\/div>\n\t\t\t\t<\/div>\n\t\t<div class=\"elementor-element elementor-element-e61a885 e-flex e-con-boxed e-con e-parent\" data-id=\"e61a885\" data-element_type=\"container\">\n\t\t\t\t\t<div class=\"e-con-inner\">\n\t\t\t\t\t<\/div>\n\t\t\t\t<\/div>\n\t\t\t\t<\/div>\n\t\t","protected":false},"excerpt":{"rendered":"<p>Hochaufl\u00f6sendes LED Lichtpaneel hinter ber\u00fchrungssensitiven Glasmosaiksteinen<\/p>\n","protected":false},"featured_media":3690,"template":"","meta":[],"product_brand":[],"product_cat":[34],"product_tag":[],"class_list":{"0":"post-1649","1":"product","2":"type-product","3":"status-publish","4":"has-post-thumbnail","6":"product_cat-mosaic","8":"first","9":"instock","10":"taxable","11":"shipping-taxable","12":"purchasable","13":"product-type-simple"},"yoast_head":"<!-- This site is optimized with the Yoast SEO plugin v25.1 - https:\/\/yoast.com\/wordpress\/plugins\/seo\/ -->\n<title>Glasmosaik - Snow - volatiles<\/title>\n<meta name=\"robots\" content=\"index, follow, max-snippet:-1, max-image-preview:large, max-video-preview:-1\" \/>\n<link rel=\"canonical\" href=\"https:\/\/volatiles.de\/produkt\/mosaic-white\/\" \/>\n<meta property=\"og:locale\" content=\"de_DE\" \/>\n<meta property=\"og:type\" content=\"article\" \/>\n<meta property=\"og:title\" content=\"Glasmosaik - Snow - volatiles\" \/>\n<meta property=\"og:description\" content=\"Hochaufl\u00f6sendes LED Lichtpaneel hinter ber\u00fchrungssensitiven Glasmosaiksteinen\" \/>\n<meta property=\"og:url\" content=\"https:\/\/volatiles.de\/produkt\/mosaic-white\/\" \/>\n<meta property=\"og:site_name\" content=\"volatiles\" \/>\n<meta property=\"article:publisher\" content=\"https:\/\/www.facebook.com\/volatilestechnologies\" \/>\n<meta property=\"article:modified_time\" content=\"2024-03-01T19:31:18+00:00\" \/>\n<meta property=\"og:image\" content=\"https:\/\/volatiles.de\/wp-content\/uploads\/2023\/11\/01_White_Mosaic_Vertical_2048-1.webp\" \/>\n\t<meta property=\"og:image:width\" content=\"2048\" \/>\n\t<meta property=\"og:image:height\" content=\"2048\" \/>\n\t<meta property=\"og:image:type\" content=\"image\/webp\" \/>\n<meta name=\"twitter:card\" content=\"summary_large_image\" \/>\n<script type=\"application\/ld+json\" class=\"yoast-schema-graph\">{\"@context\":\"https:\/\/schema.org\",\"@graph\":[{\"@type\":\"WebPage\",\"@id\":\"https:\/\/volatiles.de\/produkt\/mosaic-white\/\",\"url\":\"https:\/\/volatiles.de\/produkt\/mosaic-white\/\",\"name\":\"Glasmosaik - Snow - volatiles\",\"isPartOf\":{\"@id\":\"https:\/\/volatiles.de\/#website\"},\"primaryImageOfPage\":{\"@id\":\"https:\/\/volatiles.de\/produkt\/mosaic-white\/#primaryimage\"},\"image\":{\"@id\":\"https:\/\/volatiles.de\/produkt\/mosaic-white\/#primaryimage\"},\"thumbnailUrl\":\"https:\/\/volatiles.de\/wp-content\/uploads\/2023\/11\/01_White_Mosaic_Vertical_2048-1.webp\",\"datePublished\":\"2023-11-02T06:42:03+00:00\",\"dateModified\":\"2024-03-01T19:31:18+00:00\",\"breadcrumb\":{\"@id\":\"https:\/\/volatiles.de\/produkt\/mosaic-white\/#breadcrumb\"},\"inLanguage\":\"de\",\"potentialAction\":[{\"@type\":\"ReadAction\",\"target\":[\"https:\/\/volatiles.de\/produkt\/mosaic-white\/\"]}]},{\"@type\":\"ImageObject\",\"inLanguage\":\"de\",\"@id\":\"https:\/\/volatiles.de\/produkt\/mosaic-white\/#primaryimage\",\"url\":\"https:\/\/volatiles.de\/wp-content\/uploads\/2023\/11\/01_White_Mosaic_Vertical_2048-1.webp\",\"contentUrl\":\"https:\/\/volatiles.de\/wp-content\/uploads\/2023\/11\/01_White_Mosaic_Vertical_2048-1.webp\",\"width\":2048,\"height\":2048},{\"@type\":\"BreadcrumbList\",\"@id\":\"https:\/\/volatiles.de\/produkt\/mosaic-white\/#breadcrumb\",\"itemListElement\":[{\"@type\":\"ListItem\",\"position\":1,\"name\":\"Home\",\"item\":\"https:\/\/volatiles.de\/de\/\"},{\"@type\":\"ListItem\",\"position\":2,\"name\":\"Shop\",\"item\":\"https:\/\/volatiles.de\/de\/shop\/\"},{\"@type\":\"ListItem\",\"position\":3,\"name\":\"Glasmosaik &#8211; Snow\"}]},{\"@type\":\"WebSite\",\"@id\":\"https:\/\/volatiles.de\/#website\",\"url\":\"https:\/\/volatiles.de\/\",\"name\":\"volatiles\",\"description\":\"Exklusive Lichtpaneele\",\"publisher\":{\"@id\":\"https:\/\/volatiles.de\/#organization\"},\"potentialAction\":[{\"@type\":\"SearchAction\",\"target\":{\"@type\":\"EntryPoint\",\"urlTemplate\":\"https:\/\/volatiles.de\/?s={search_term_string}\"},\"query-input\":{\"@type\":\"PropertyValueSpecification\",\"valueRequired\":true,\"valueName\":\"search_term_string\"}}],\"inLanguage\":\"de\"},{\"@type\":\"Organization\",\"@id\":\"https:\/\/volatiles.de\/#organization\",\"name\":\"volatiles\",\"url\":\"https:\/\/volatiles.de\/\",\"logo\":{\"@type\":\"ImageObject\",\"inLanguage\":\"de\",\"@id\":\"https:\/\/volatiles.de\/#\/schema\/logo\/image\/\",\"url\":\"https:\/\/volatiles.de\/wp-content\/uploads\/2024\/03\/Volatiles-wpform-email.jpg\",\"contentUrl\":\"https:\/\/volatiles.de\/wp-content\/uploads\/2024\/03\/Volatiles-wpform-email.jpg\",\"width\":1232,\"height\":300,\"caption\":\"volatiles\"},\"image\":{\"@id\":\"https:\/\/volatiles.de\/#\/schema\/logo\/image\/\"},\"sameAs\":[\"https:\/\/www.facebook.com\/volatilestechnologies\"]}]}<\/script>\n<!-- \/ Yoast SEO plugin. -->","yoast_head_json":{"title":"Glasmosaik - Snow - volatiles","robots":{"index":"index","follow":"follow","max-snippet":"max-snippet:-1","max-image-preview":"max-image-preview:large","max-video-preview":"max-video-preview:-1"},"canonical":"https:\/\/volatiles.de\/produkt\/mosaic-white\/","og_locale":"de_DE","og_type":"article","og_title":"Glasmosaik - Snow - volatiles","og_description":"Hochaufl\u00f6sendes LED Lichtpaneel hinter ber\u00fchrungssensitiven Glasmosaiksteinen","og_url":"https:\/\/volatiles.de\/produkt\/mosaic-white\/","og_site_name":"volatiles","article_publisher":"https:\/\/www.facebook.com\/volatilestechnologies","article_modified_time":"2024-03-01T19:31:18+00:00","og_image":[{"width":2048,"height":2048,"url":"https:\/\/volatiles.de\/wp-content\/uploads\/2023\/11\/01_White_Mosaic_Vertical_2048-1.webp","type":"image\/webp"}],"twitter_card":"summary_large_image","schema":{"@context":"https:\/\/schema.org","@graph":[{"@type":"WebPage","@id":"https:\/\/volatiles.de\/produkt\/mosaic-white\/","url":"https:\/\/volatiles.de\/produkt\/mosaic-white\/","name":"Glasmosaik - Snow - volatiles","isPartOf":{"@id":"https:\/\/volatiles.de\/#website"},"primaryImageOfPage":{"@id":"https:\/\/volatiles.de\/produkt\/mosaic-white\/#primaryimage"},"image":{"@id":"https:\/\/volatiles.de\/produkt\/mosaic-white\/#primaryimage"},"thumbnailUrl":"https:\/\/volatiles.de\/wp-content\/uploads\/2023\/11\/01_White_Mosaic_Vertical_2048-1.webp","datePublished":"2023-11-02T06:42:03+00:00","dateModified":"2024-03-01T19:31:18+00:00","breadcrumb":{"@id":"https:\/\/volatiles.de\/produkt\/mosaic-white\/#breadcrumb"},"inLanguage":"de","potentialAction":[{"@type":"ReadAction","target":["https:\/\/volatiles.de\/produkt\/mosaic-white\/"]}]},{"@type":"ImageObject","inLanguage":"de","@id":"https:\/\/volatiles.de\/produkt\/mosaic-white\/#primaryimage","url":"https:\/\/volatiles.de\/wp-content\/uploads\/2023\/11\/01_White_Mosaic_Vertical_2048-1.webp","contentUrl":"https:\/\/volatiles.de\/wp-content\/uploads\/2023\/11\/01_White_Mosaic_Vertical_2048-1.webp","width":2048,"height":2048},{"@type":"BreadcrumbList","@id":"https:\/\/volatiles.de\/produkt\/mosaic-white\/#breadcrumb","itemListElement":[{"@type":"ListItem","position":1,"name":"Home","item":"https:\/\/volatiles.de\/de\/"},{"@type":"ListItem","position":2,"name":"Shop","item":"https:\/\/volatiles.de\/de\/shop\/"},{"@type":"ListItem","position":3,"name":"Glasmosaik &#8211; Snow"}]},{"@type":"WebSite","@id":"https:\/\/volatiles.de\/#website","url":"https:\/\/volatiles.de\/","name":"volatiles","description":"Exklusive Lichtpaneele","publisher":{"@id":"https:\/\/volatiles.de\/#organization"},"potentialAction":[{"@type":"SearchAction","target":{"@type":"EntryPoint","urlTemplate":"https:\/\/volatiles.de\/?s={search_term_string}"},"query-input":{"@type":"PropertyValueSpecification","valueRequired":true,"valueName":"search_term_string"}}],"inLanguage":"de"},{"@type":"Organization","@id":"https:\/\/volatiles.de\/#organization","name":"volatiles","url":"https:\/\/volatiles.de\/","logo":{"@type":"ImageObject","inLanguage":"de","@id":"https:\/\/volatiles.de\/#\/schema\/logo\/image\/","url":"https:\/\/volatiles.de\/wp-content\/uploads\/2024\/03\/Volatiles-wpform-email.jpg","contentUrl":"https:\/\/volatiles.de\/wp-content\/uploads\/2024\/03\/Volatiles-wpform-email.jpg","width":1232,"height":300,"caption":"volatiles"},"image":{"@id":"https:\/\/volatiles.de\/#\/schema\/logo\/image\/"},"sameAs":["https:\/\/www.facebook.com\/volatilestechnologies"]}]}},"_links":{"self":[{"href":"https:\/\/volatiles.de\/de\/wp-json\/wp\/v2\/product\/1649","targetHints":{"allow":["GET"]}}],"collection":[{"href":"https:\/\/volatiles.de\/de\/wp-json\/wp\/v2\/product"}],"about":[{"href":"https:\/\/volatiles.de\/de\/wp-json\/wp\/v2\/types\/product"}],"version-history":[{"count":211,"href":"https:\/\/volatiles.de\/de\/wp-json\/wp\/v2\/product\/1649\/revisions"}],"predecessor-version":[{"id":7275,"href":"https:\/\/volatiles.de\/de\/wp-json\/wp\/v2\/product\/1649\/revisions\/7275"}],"wp:featuredmedia":[{"embeddable":true,"href":"https:\/\/volatiles.de\/de\/wp-json\/wp\/v2\/media\/3690"}],"wp:attachment":[{"href":"https:\/\/volatiles.de\/de\/wp-json\/wp\/v2\/media?parent=1649"}],"wp:term":[{"taxonomy":"product_brand","embeddable":true,"href":"https:\/\/volatiles.de\/de\/wp-json\/wp\/v2\/product_brand?post=1649"},{"taxonomy":"product_cat","embeddable":true,"href":"https:\/\/volatiles.de\/de\/wp-json\/wp\/v2\/product_cat?post=1649"},{"taxonomy":"product_tag","embeddable":true,"href":"https:\/\/volatiles.de\/de\/wp-json\/wp\/v2\/product_tag?post=1649"}],"curies":[{"name":"wp","href":"https:\/\/api.w.org\/{rel}","templated":true}]}}