{"id":1679,"date":"2023-11-02T07:09:54","date_gmt":"2023-11-02T07:09:54","guid":{"rendered":"https:\/\/volatiles.de\/?post_type=product&#038;p=1679"},"modified":"2024-03-01T19:53:05","modified_gmt":"2024-03-01T19:53:05","slug":"wood-dark-grey-tulip","status":"publish","type":"product","link":"https:\/\/volatiles.de\/de\/produkt\/wood-dark-grey-tulip\/","title":{"rendered":"Echtholzfurnier \u2013 Gef\u00e4rbter Tulpenbaum"},"content":{"rendered":"\t\t<div data-elementor-type=\"product-post\" data-elementor-id=\"1679\" class=\"elementor elementor-1679\" data-elementor-post-type=\"product\">\n\t\t\t\t<div class=\"elementor-element elementor-element-7f786ed e-flex e-con-boxed e-con e-parent\" data-id=\"7f786ed\" data-element_type=\"container\">\n\t\t\t\t\t<div class=\"e-con-inner\">\n\t\t\t\t<div class=\"elementor-element elementor-element-50389bc elementor-widget__width-initial elementor-widget elementor-widget-video\" data-id=\"50389bc\" data-element_type=\"widget\" data-settings=\"{&quot;video_type&quot;:&quot;hosted&quot;,&quot;autoplay&quot;:&quot;yes&quot;,&quot;play_on_mobile&quot;:&quot;yes&quot;,&quot;mute&quot;:&quot;yes&quot;,&quot;loop&quot;:&quot;yes&quot;,&quot;show_image_overlay&quot;:&quot;yes&quot;,&quot;image_overlay&quot;:{&quot;url&quot;:&quot;https:\\\/\\\/volatiles.de\\\/wp-content\\\/uploads\\\/2023\\\/11\\\/Lichtszenen.png&quot;,&quot;id&quot;:7271,&quot;size&quot;:&quot;&quot;,&quot;alt&quot;:&quot;&quot;,&quot;source&quot;:&quot;library&quot;},&quot;lightbox&quot;:&quot;yes&quot;,&quot;controls&quot;:&quot;yes&quot;}\" data-widget_type=\"video.default\">\n\t\t\t\t<div class=\"elementor-widget-container\">\n\t\t\t\t\t\t\t<div class=\"e-hosted-video elementor-wrapper elementor-open-lightbox\">\n\t\t\t\t\t\t\t<div class=\"elementor-custom-embed-image-overlay\" data-elementor-open-lightbox=\"yes\" data-elementor-lightbox=\"{&quot;type&quot;:&quot;video&quot;,&quot;videoType&quot;:&quot;hosted&quot;,&quot;url&quot;:&quot;https:\\\/\\\/volatiles.de\\\/wp-content\\\/uploads\\\/2023\\\/11\\\/Wood-Tulip-ios_3.mp4&quot;,&quot;autoplay&quot;:&quot;yes&quot;,&quot;modalOptions&quot;:{&quot;id&quot;:&quot;elementor-lightbox-50389bc&quot;,&quot;entranceAnimation&quot;:&quot;&quot;,&quot;entranceAnimation_tablet&quot;:&quot;&quot;,&quot;entranceAnimation_mobile&quot;:&quot;&quot;,&quot;videoAspectRatio&quot;:&quot;11&quot;},&quot;videoParams&quot;:{&quot;autoplay&quot;:&quot;&quot;,&quot;loop&quot;:&quot;&quot;,&quot;controls&quot;:&quot;&quot;,&quot;muted&quot;:&quot;muted&quot;,&quot;playsinline&quot;:&quot;&quot;,&quot;controlsList&quot;:&quot;nodownload&quot;}}\" data-e-action-hash=\"#elementor-action%3Aaction%3Dlightbox%26settings%3DeyJ0eXBlIjoidmlkZW8iLCJ2aWRlb1R5cGUiOiJob3N0ZWQiLCJ1cmwiOiJodHRwczpcL1wvdm9sYXRpbGVzLmRlXC93cC1jb250ZW50XC91cGxvYWRzXC8yMDIzXC8xMVwvV29vZC1UdWxpcC1pb3NfMy5tcDQiLCJhdXRvcGxheSI6InllcyIsIm1vZGFsT3B0aW9ucyI6eyJpZCI6ImVsZW1lbnRvci1saWdodGJveC01MDM4OWJjIiwiZW50cmFuY2VBbmltYXRpb24iOiIiLCJlbnRyYW5jZUFuaW1hdGlvbl90YWJsZXQiOiIiLCJlbnRyYW5jZUFuaW1hdGlvbl9tb2JpbGUiOiIiLCJ2aWRlb0FzcGVjdFJhdGlvIjoiMTEifSwidmlkZW9QYXJhbXMiOnsiYXV0b3BsYXkiOiIiLCJsb29wIjoiIiwiY29udHJvbHMiOiIiLCJtdXRlZCI6Im11dGVkIiwicGxheXNpbmxpbmUiOiIiLCJjb250cm9sc0xpc3QiOiJub2Rvd25sb2FkIn19\">\n\t\t\t\t\t\t\t\t\t\t\t<img decoding=\"async\" width=\"518\" height=\"94\" src=\"https:\/\/volatiles.de\/wp-content\/uploads\/2023\/11\/Lichtszenen.png\" class=\"attachment-full size-full wp-image-7271\" alt=\"\" srcset=\"https:\/\/volatiles.de\/wp-content\/uploads\/2023\/11\/Lichtszenen.png 518w, https:\/\/volatiles.de\/wp-content\/uploads\/2023\/11\/Lichtszenen-300x54.png 300w, https:\/\/volatiles.de\/wp-content\/uploads\/2023\/11\/Lichtszenen-24x4.png 24w, https:\/\/volatiles.de\/wp-content\/uploads\/2023\/11\/Lichtszenen-36x7.png 36w, https:\/\/volatiles.de\/wp-content\/uploads\/2023\/11\/Lichtszenen-48x9.png 48w\" sizes=\"(max-width: 518px) 100vw, 518px\" \/>\t\t\t\t\t\t\t\t\t\t\t\t\t\t<\/div>\n\t\t\t\t\t<\/div>\n\t\t\t\t\t\t<\/div>\n\t\t\t\t<\/div>\n\t\t\t\t<div class=\"elementor-element elementor-element-42549ed elementor-widget elementor-widget-heading\" data-id=\"42549ed\" data-element_type=\"widget\" data-widget_type=\"heading.default\">\n\t\t\t\t<div class=\"elementor-widget-container\">\n\t\t\t\t\t<h2 class=\"elementor-heading-title elementor-size-default\">Beschreibung<\/h2>\t\t\t\t<\/div>\n\t\t\t\t<\/div>\n\t\t\t\t<div class=\"elementor-element elementor-element-6e0316f elementor-widget-divider--view-line elementor-widget elementor-widget-divider\" data-id=\"6e0316f\" data-element_type=\"widget\" data-widget_type=\"divider.default\">\n\t\t\t\t<div class=\"elementor-widget-container\">\n\t\t\t\t\t\t\t<div class=\"elementor-divider\">\n\t\t\t<span class=\"elementor-divider-separator\">\n\t\t\t\t\t\t<\/span>\n\t\t<\/div>\n\t\t\t\t\t\t<\/div>\n\t\t\t\t<\/div>\n\t\t\t\t<div class=\"elementor-element elementor-element-47abded elementor-widget elementor-widget-text-editor\" data-id=\"47abded\" data-element_type=\"widget\" data-widget_type=\"text-editor.default\">\n\t\t\t\t<div class=\"elementor-widget-container\">\n\t\t\t\t\t\t\t\t\t<p>Die edle Maserung und warmen Farben des nat\u00fcrlichen Baumaterials Holz werden durch die Kombination mit Licht und Sensorik besonders hervorgehoben. Wir verwenden hierbei speziell behandeltes Echtholz, welches eine hohe Lichtdurchl\u00e4ssigkeit aufweist und trotzdem die haptischen und optischen Eigenschaften eines Echtholzfurniers beibeh\u00e4lt. Das Paneel wird eingerahmt in einem passgenauen Rahmen aus eloxiertem Aluminium in den Farben silber matt, schwarz matt oder bronze matt.<\/p>\t\t\t\t\t\t\t\t<\/div>\n\t\t\t\t<\/div>\n\t\t\t\t\t<\/div>\n\t\t\t\t<\/div>\n\t\t<div class=\"elementor-element elementor-element-2e6e724 e-flex e-con-boxed e-con e-parent\" data-id=\"2e6e724\" data-element_type=\"container\">\n\t\t\t\t\t<div class=\"e-con-inner\">\n\t\t<div class=\"elementor-element elementor-element-5b98767 e-con-full elementor-hidden-mobile e-flex e-con e-child\" data-id=\"5b98767\" data-element_type=\"container\">\n\t\t\t\t<div class=\"elementor-element elementor-element-ccdae57 elementor-position-top elementor-widget elementor-widget-image-box\" data-id=\"ccdae57\" data-element_type=\"widget\" data-widget_type=\"image-box.default\">\n\t\t\t\t<div class=\"elementor-widget-container\">\n\t\t\t\t\t<div class=\"elementor-image-box-wrapper\"><figure class=\"elementor-image-box-img\"><img decoding=\"async\" width=\"100\" height=\"100\" src=\"https:\/\/volatiles.de\/wp-content\/uploads\/2023\/11\/Dimmable-1.png\" class=\"attachment-full size-full wp-image-2681\" alt=\"\" srcset=\"https:\/\/volatiles.de\/wp-content\/uploads\/2023\/11\/Dimmable-1.png 100w, https:\/\/volatiles.de\/wp-content\/uploads\/2023\/11\/Dimmable-1-24x24.png 24w, https:\/\/volatiles.de\/wp-content\/uploads\/2023\/11\/Dimmable-1-36x36.png 36w, https:\/\/volatiles.de\/wp-content\/uploads\/2023\/11\/Dimmable-1-48x48.png 48w\" sizes=\"(max-width: 100px) 100vw, 100px\" \/><\/figure><div class=\"elementor-image-box-content\"><h3 class=\"elementor-image-box-title\">Dimmbar<\/h3><\/div><\/div>\t\t\t\t<\/div>\n\t\t\t\t<\/div>\n\t\t\t\t<\/div>\n\t\t<div class=\"elementor-element elementor-element-178fb30 e-con-full e-flex e-con e-child\" data-id=\"178fb30\" data-element_type=\"container\">\n\t\t\t\t<div class=\"elementor-element elementor-element-8e78caa elementor-position-top elementor-widget elementor-widget-image-box\" data-id=\"8e78caa\" data-element_type=\"widget\" data-widget_type=\"image-box.default\">\n\t\t\t\t<div class=\"elementor-widget-container\">\n\t\t\t\t\t<div class=\"elementor-image-box-wrapper\"><figure class=\"elementor-image-box-img\"><img decoding=\"async\" width=\"100\" height=\"100\" src=\"https:\/\/volatiles.de\/wp-content\/uploads\/2023\/11\/25_Scenes-1.png\" class=\"attachment-full size-full wp-image-2679\" alt=\"\" srcset=\"https:\/\/volatiles.de\/wp-content\/uploads\/2023\/11\/25_Scenes-1.png 100w, https:\/\/volatiles.de\/wp-content\/uploads\/2023\/11\/25_Scenes-1-24x24.png 24w, https:\/\/volatiles.de\/wp-content\/uploads\/2023\/11\/25_Scenes-1-36x36.png 36w, https:\/\/volatiles.de\/wp-content\/uploads\/2023\/11\/25_Scenes-1-48x48.png 48w\" sizes=\"(max-width: 100px) 100vw, 100px\" \/><\/figure><div class=\"elementor-image-box-content\"><h3 class=\"elementor-image-box-title\">Lichtszenen<\/h3><\/div><\/div>\t\t\t\t<\/div>\n\t\t\t\t<\/div>\n\t\t\t\t<\/div>\n\t\t<div class=\"elementor-element elementor-element-8467ea3 e-con-full e-flex e-con e-child\" data-id=\"8467ea3\" data-element_type=\"container\">\n\t\t\t\t<div class=\"elementor-element elementor-element-977bd93 elementor-position-top elementor-widget elementor-widget-image-box\" data-id=\"977bd93\" data-element_type=\"widget\" data-widget_type=\"image-box.default\">\n\t\t\t\t<div class=\"elementor-widget-container\">\n\t\t\t\t\t<div class=\"elementor-image-box-wrapper\"><figure class=\"elementor-image-box-img\"><img loading=\"lazy\" decoding=\"async\" width=\"100\" height=\"100\" src=\"https:\/\/volatiles.de\/wp-content\/uploads\/2023\/11\/App_Control-1.png\" class=\"attachment-full size-full wp-image-2680\" alt=\"\" srcset=\"https:\/\/volatiles.de\/wp-content\/uploads\/2023\/11\/App_Control-1.png 100w, https:\/\/volatiles.de\/wp-content\/uploads\/2023\/11\/App_Control-1-24x24.png 24w, https:\/\/volatiles.de\/wp-content\/uploads\/2023\/11\/App_Control-1-36x36.png 36w, https:\/\/volatiles.de\/wp-content\/uploads\/2023\/11\/App_Control-1-48x48.png 48w\" sizes=\"(max-width: 100px) 100vw, 100px\" \/><\/figure><div class=\"elementor-image-box-content\"><h3 class=\"elementor-image-box-title\">App Steuerung<\/h3><\/div><\/div>\t\t\t\t<\/div>\n\t\t\t\t<\/div>\n\t\t\t\t<\/div>\n\t\t<div class=\"elementor-element elementor-element-763788c e-con-full e-flex e-con e-child\" data-id=\"763788c\" data-element_type=\"container\">\n\t\t\t\t<div class=\"elementor-element elementor-element-dab1cc7 elementor-position-top elementor-widget elementor-widget-image-box\" data-id=\"dab1cc7\" data-element_type=\"widget\" data-widget_type=\"image-box.default\">\n\t\t\t\t<div class=\"elementor-widget-container\">\n\t\t\t\t\t<div class=\"elementor-image-box-wrapper\"><figure class=\"elementor-image-box-img\"><img loading=\"lazy\" decoding=\"async\" width=\"100\" height=\"100\" src=\"https:\/\/volatiles.de\/wp-content\/uploads\/2023\/11\/Video_Input.png\" class=\"attachment-full size-full wp-image-5418\" alt=\"\" srcset=\"https:\/\/volatiles.de\/wp-content\/uploads\/2023\/11\/Video_Input.png 100w, https:\/\/volatiles.de\/wp-content\/uploads\/2023\/11\/Video_Input-24x24.png 24w, https:\/\/volatiles.de\/wp-content\/uploads\/2023\/11\/Video_Input-36x36.png 36w, https:\/\/volatiles.de\/wp-content\/uploads\/2023\/11\/Video_Input-48x48.png 48w\" sizes=\"(max-width: 100px) 100vw, 100px\" \/><\/figure><div class=\"elementor-image-box-content\"><h3 class=\"elementor-image-box-title\">Video Input<\/h3><\/div><\/div>\t\t\t\t<\/div>\n\t\t\t\t<\/div>\n\t\t\t\t<\/div>\n\t\t<div class=\"elementor-element elementor-element-a08a061 e-con-full e-flex e-con e-child\" data-id=\"a08a061\" data-element_type=\"container\">\n\t\t\t\t<div class=\"elementor-element elementor-element-078818f elementor-position-top elementor-widget elementor-widget-image-box\" data-id=\"078818f\" data-element_type=\"widget\" data-widget_type=\"image-box.default\">\n\t\t\t\t<div class=\"elementor-widget-container\">\n\t\t\t\t\t<div class=\"elementor-image-box-wrapper\"><figure class=\"elementor-image-box-img\"><img loading=\"lazy\" decoding=\"async\" width=\"100\" height=\"100\" src=\"https:\/\/volatiles.de\/wp-content\/uploads\/2023\/11\/Touch_Control-2.png\" class=\"attachment-full size-full wp-image-2683\" alt=\"\" srcset=\"https:\/\/volatiles.de\/wp-content\/uploads\/2023\/11\/Touch_Control-2.png 100w, https:\/\/volatiles.de\/wp-content\/uploads\/2023\/11\/Touch_Control-2-24x24.png 24w, https:\/\/volatiles.de\/wp-content\/uploads\/2023\/11\/Touch_Control-2-36x36.png 36w, https:\/\/volatiles.de\/wp-content\/uploads\/2023\/11\/Touch_Control-2-48x48.png 48w\" sizes=\"(max-width: 100px) 100vw, 100px\" \/><\/figure><div class=\"elementor-image-box-content\"><h3 class=\"elementor-image-box-title\">Touch Sensorik<\/h3><\/div><\/div>\t\t\t\t<\/div>\n\t\t\t\t<\/div>\n\t\t\t\t<\/div>\n\t\t\t\t\t<\/div>\n\t\t\t\t<\/div>\n\t\t\t\t<\/div>\n\t\t","protected":false},"excerpt":{"rendered":"<p>Hochaufl\u00f6sendes LED Lichtpaneel hinter ber\u00fchrungssensitivem Echtholzfurnier aus gef\u00e4rbtem Tulpenbaum<\/p>\n","protected":false},"featured_media":3648,"template":"","meta":[],"product_brand":[],"product_cat":[35],"product_tag":[],"class_list":{"0":"post-1679","1":"product","2":"type-product","3":"status-publish","4":"has-post-thumbnail","6":"product_cat-wood","8":"first","9":"instock","10":"taxable","11":"shipping-taxable","12":"purchasable","13":"product-type-simple"},"yoast_head":"<!-- This site is optimized with the Yoast SEO plugin v25.1 - https:\/\/yoast.com\/wordpress\/plugins\/seo\/ -->\n<title>Echtholzfurnier \u2013 Gef\u00e4rbter Tulpenbaum - volatiles<\/title>\n<meta name=\"robots\" content=\"index, follow, max-snippet:-1, max-image-preview:large, max-video-preview:-1\" \/>\n<link rel=\"canonical\" href=\"https:\/\/volatiles.de\/produkt\/wood-dark-grey-tulip\/\" \/>\n<meta property=\"og:locale\" content=\"de_DE\" \/>\n<meta property=\"og:type\" content=\"article\" \/>\n<meta property=\"og:title\" content=\"Echtholzfurnier \u2013 Gef\u00e4rbter Tulpenbaum - volatiles\" \/>\n<meta property=\"og:description\" content=\"Hochaufl\u00f6sendes LED Lichtpaneel hinter ber\u00fchrungssensitivem Echtholzfurnier aus gef\u00e4rbtem Tulpenbaum\" \/>\n<meta property=\"og:url\" content=\"https:\/\/volatiles.de\/produkt\/wood-dark-grey-tulip\/\" \/>\n<meta property=\"og:site_name\" content=\"volatiles\" \/>\n<meta property=\"article:publisher\" content=\"https:\/\/www.facebook.com\/volatilestechnologies\" \/>\n<meta property=\"article:modified_time\" content=\"2024-03-01T19:53:05+00:00\" \/>\n<meta property=\"og:image\" content=\"https:\/\/volatiles.de\/wp-content\/uploads\/2023\/11\/Wood-Tulip-Vertical-web.webp\" \/>\n\t<meta property=\"og:image:width\" content=\"2048\" \/>\n\t<meta property=\"og:image:height\" content=\"2048\" \/>\n\t<meta property=\"og:image:type\" content=\"image\/webp\" \/>\n<meta name=\"twitter:card\" content=\"summary_large_image\" \/>\n<script type=\"application\/ld+json\" class=\"yoast-schema-graph\">{\"@context\":\"https:\/\/schema.org\",\"@graph\":[{\"@type\":\"WebPage\",\"@id\":\"https:\/\/volatiles.de\/produkt\/wood-dark-grey-tulip\/\",\"url\":\"https:\/\/volatiles.de\/produkt\/wood-dark-grey-tulip\/\",\"name\":\"Echtholzfurnier \u2013 Gef\u00e4rbter Tulpenbaum - volatiles\",\"isPartOf\":{\"@id\":\"https:\/\/volatiles.de\/#website\"},\"primaryImageOfPage\":{\"@id\":\"https:\/\/volatiles.de\/produkt\/wood-dark-grey-tulip\/#primaryimage\"},\"image\":{\"@id\":\"https:\/\/volatiles.de\/produkt\/wood-dark-grey-tulip\/#primaryimage\"},\"thumbnailUrl\":\"https:\/\/volatiles.de\/wp-content\/uploads\/2023\/11\/Wood-Tulip-Vertical-web.webp\",\"datePublished\":\"2023-11-02T07:09:54+00:00\",\"dateModified\":\"2024-03-01T19:53:05+00:00\",\"breadcrumb\":{\"@id\":\"https:\/\/volatiles.de\/produkt\/wood-dark-grey-tulip\/#breadcrumb\"},\"inLanguage\":\"de\",\"potentialAction\":[{\"@type\":\"ReadAction\",\"target\":[\"https:\/\/volatiles.de\/produkt\/wood-dark-grey-tulip\/\"]}]},{\"@type\":\"ImageObject\",\"inLanguage\":\"de\",\"@id\":\"https:\/\/volatiles.de\/produkt\/wood-dark-grey-tulip\/#primaryimage\",\"url\":\"https:\/\/volatiles.de\/wp-content\/uploads\/2023\/11\/Wood-Tulip-Vertical-web.webp\",\"contentUrl\":\"https:\/\/volatiles.de\/wp-content\/uploads\/2023\/11\/Wood-Tulip-Vertical-web.webp\",\"width\":2048,\"height\":2048},{\"@type\":\"BreadcrumbList\",\"@id\":\"https:\/\/volatiles.de\/produkt\/wood-dark-grey-tulip\/#breadcrumb\",\"itemListElement\":[{\"@type\":\"ListItem\",\"position\":1,\"name\":\"Home\",\"item\":\"https:\/\/volatiles.de\/de\/\"},{\"@type\":\"ListItem\",\"position\":2,\"name\":\"Shop\",\"item\":\"https:\/\/volatiles.de\/de\/shop\/\"},{\"@type\":\"ListItem\",\"position\":3,\"name\":\"Echtholzfurnier \u2013 Gef\u00e4rbter Tulpenbaum\"}]},{\"@type\":\"WebSite\",\"@id\":\"https:\/\/volatiles.de\/#website\",\"url\":\"https:\/\/volatiles.de\/\",\"name\":\"volatiles\",\"description\":\"Exklusive Lichtpaneele\",\"publisher\":{\"@id\":\"https:\/\/volatiles.de\/#organization\"},\"potentialAction\":[{\"@type\":\"SearchAction\",\"target\":{\"@type\":\"EntryPoint\",\"urlTemplate\":\"https:\/\/volatiles.de\/?s={search_term_string}\"},\"query-input\":{\"@type\":\"PropertyValueSpecification\",\"valueRequired\":true,\"valueName\":\"search_term_string\"}}],\"inLanguage\":\"de\"},{\"@type\":\"Organization\",\"@id\":\"https:\/\/volatiles.de\/#organization\",\"name\":\"volatiles\",\"url\":\"https:\/\/volatiles.de\/\",\"logo\":{\"@type\":\"ImageObject\",\"inLanguage\":\"de\",\"@id\":\"https:\/\/volatiles.de\/#\/schema\/logo\/image\/\",\"url\":\"https:\/\/volatiles.de\/wp-content\/uploads\/2024\/03\/Volatiles-wpform-email.jpg\",\"contentUrl\":\"https:\/\/volatiles.de\/wp-content\/uploads\/2024\/03\/Volatiles-wpform-email.jpg\",\"width\":1232,\"height\":300,\"caption\":\"volatiles\"},\"image\":{\"@id\":\"https:\/\/volatiles.de\/#\/schema\/logo\/image\/\"},\"sameAs\":[\"https:\/\/www.facebook.com\/volatilestechnologies\"]}]}<\/script>\n<!-- \/ Yoast SEO plugin. -->","yoast_head_json":{"title":"Echtholzfurnier \u2013 Gef\u00e4rbter Tulpenbaum - volatiles","robots":{"index":"index","follow":"follow","max-snippet":"max-snippet:-1","max-image-preview":"max-image-preview:large","max-video-preview":"max-video-preview:-1"},"canonical":"https:\/\/volatiles.de\/produkt\/wood-dark-grey-tulip\/","og_locale":"de_DE","og_type":"article","og_title":"Echtholzfurnier \u2013 Gef\u00e4rbter Tulpenbaum - volatiles","og_description":"Hochaufl\u00f6sendes LED Lichtpaneel hinter ber\u00fchrungssensitivem Echtholzfurnier aus gef\u00e4rbtem Tulpenbaum","og_url":"https:\/\/volatiles.de\/produkt\/wood-dark-grey-tulip\/","og_site_name":"volatiles","article_publisher":"https:\/\/www.facebook.com\/volatilestechnologies","article_modified_time":"2024-03-01T19:53:05+00:00","og_image":[{"width":2048,"height":2048,"url":"https:\/\/volatiles.de\/wp-content\/uploads\/2023\/11\/Wood-Tulip-Vertical-web.webp","type":"image\/webp"}],"twitter_card":"summary_large_image","schema":{"@context":"https:\/\/schema.org","@graph":[{"@type":"WebPage","@id":"https:\/\/volatiles.de\/produkt\/wood-dark-grey-tulip\/","url":"https:\/\/volatiles.de\/produkt\/wood-dark-grey-tulip\/","name":"Echtholzfurnier \u2013 Gef\u00e4rbter Tulpenbaum - volatiles","isPartOf":{"@id":"https:\/\/volatiles.de\/#website"},"primaryImageOfPage":{"@id":"https:\/\/volatiles.de\/produkt\/wood-dark-grey-tulip\/#primaryimage"},"image":{"@id":"https:\/\/volatiles.de\/produkt\/wood-dark-grey-tulip\/#primaryimage"},"thumbnailUrl":"https:\/\/volatiles.de\/wp-content\/uploads\/2023\/11\/Wood-Tulip-Vertical-web.webp","datePublished":"2023-11-02T07:09:54+00:00","dateModified":"2024-03-01T19:53:05+00:00","breadcrumb":{"@id":"https:\/\/volatiles.de\/produkt\/wood-dark-grey-tulip\/#breadcrumb"},"inLanguage":"de","potentialAction":[{"@type":"ReadAction","target":["https:\/\/volatiles.de\/produkt\/wood-dark-grey-tulip\/"]}]},{"@type":"ImageObject","inLanguage":"de","@id":"https:\/\/volatiles.de\/produkt\/wood-dark-grey-tulip\/#primaryimage","url":"https:\/\/volatiles.de\/wp-content\/uploads\/2023\/11\/Wood-Tulip-Vertical-web.webp","contentUrl":"https:\/\/volatiles.de\/wp-content\/uploads\/2023\/11\/Wood-Tulip-Vertical-web.webp","width":2048,"height":2048},{"@type":"BreadcrumbList","@id":"https:\/\/volatiles.de\/produkt\/wood-dark-grey-tulip\/#breadcrumb","itemListElement":[{"@type":"ListItem","position":1,"name":"Home","item":"https:\/\/volatiles.de\/de\/"},{"@type":"ListItem","position":2,"name":"Shop","item":"https:\/\/volatiles.de\/de\/shop\/"},{"@type":"ListItem","position":3,"name":"Echtholzfurnier \u2013 Gef\u00e4rbter Tulpenbaum"}]},{"@type":"WebSite","@id":"https:\/\/volatiles.de\/#website","url":"https:\/\/volatiles.de\/","name":"volatiles","description":"Exklusive Lichtpaneele","publisher":{"@id":"https:\/\/volatiles.de\/#organization"},"potentialAction":[{"@type":"SearchAction","target":{"@type":"EntryPoint","urlTemplate":"https:\/\/volatiles.de\/?s={search_term_string}"},"query-input":{"@type":"PropertyValueSpecification","valueRequired":true,"valueName":"search_term_string"}}],"inLanguage":"de"},{"@type":"Organization","@id":"https:\/\/volatiles.de\/#organization","name":"volatiles","url":"https:\/\/volatiles.de\/","logo":{"@type":"ImageObject","inLanguage":"de","@id":"https:\/\/volatiles.de\/#\/schema\/logo\/image\/","url":"https:\/\/volatiles.de\/wp-content\/uploads\/2024\/03\/Volatiles-wpform-email.jpg","contentUrl":"https:\/\/volatiles.de\/wp-content\/uploads\/2024\/03\/Volatiles-wpform-email.jpg","width":1232,"height":300,"caption":"volatiles"},"image":{"@id":"https:\/\/volatiles.de\/#\/schema\/logo\/image\/"},"sameAs":["https:\/\/www.facebook.com\/volatilestechnologies"]}]}},"_links":{"self":[{"href":"https:\/\/volatiles.de\/de\/wp-json\/wp\/v2\/product\/1679","targetHints":{"allow":["GET"]}}],"collection":[{"href":"https:\/\/volatiles.de\/de\/wp-json\/wp\/v2\/product"}],"about":[{"href":"https:\/\/volatiles.de\/de\/wp-json\/wp\/v2\/types\/product"}],"version-history":[{"count":47,"href":"https:\/\/volatiles.de\/de\/wp-json\/wp\/v2\/product\/1679\/revisions"}],"predecessor-version":[{"id":7325,"href":"https:\/\/volatiles.de\/de\/wp-json\/wp\/v2\/product\/1679\/revisions\/7325"}],"wp:featuredmedia":[{"embeddable":true,"href":"https:\/\/volatiles.de\/de\/wp-json\/wp\/v2\/media\/3648"}],"wp:attachment":[{"href":"https:\/\/volatiles.de\/de\/wp-json\/wp\/v2\/media?parent=1679"}],"wp:term":[{"taxonomy":"product_brand","embeddable":true,"href":"https:\/\/volatiles.de\/de\/wp-json\/wp\/v2\/product_brand?post=1679"},{"taxonomy":"product_cat","embeddable":true,"href":"https:\/\/volatiles.de\/de\/wp-json\/wp\/v2\/product_cat?post=1679"},{"taxonomy":"product_tag","embeddable":true,"href":"https:\/\/volatiles.de\/de\/wp-json\/wp\/v2\/product_tag?post=1679"}],"curies":[{"name":"wp","href":"https:\/\/api.w.org\/{rel}","templated":true}]}}