{"id":1689,"date":"2023-11-02T07:12:12","date_gmt":"2023-11-02T07:12:12","guid":{"rendered":"https:\/\/volatiles.de\/?post_type=product&#038;p=1689"},"modified":"2024-03-01T19:52:13","modified_gmt":"2024-03-01T19:52:13","slug":"stone-carrara","status":"publish","type":"product","link":"https:\/\/volatiles.de\/de\/produkt\/stone-carrara\/","title":{"rendered":"Naturstein &#8211; Carrara Wei\u00df"},"content":{"rendered":"\t\t<div data-elementor-type=\"product-post\" data-elementor-id=\"1689\" class=\"elementor elementor-1689\" data-elementor-post-type=\"product\">\n\t\t\t\t<div class=\"elementor-element elementor-element-8e4a2f1 e-flex e-con-boxed e-con e-parent\" data-id=\"8e4a2f1\" data-element_type=\"container\">\n\t\t\t\t\t<div class=\"e-con-inner\">\n\t\t\t\t<div class=\"elementor-element elementor-element-dc8a575 elementor-widget__width-initial elementor-widget elementor-widget-video\" data-id=\"dc8a575\" data-element_type=\"widget\" data-settings=\"{&quot;video_type&quot;:&quot;hosted&quot;,&quot;autoplay&quot;:&quot;yes&quot;,&quot;play_on_mobile&quot;:&quot;yes&quot;,&quot;mute&quot;:&quot;yes&quot;,&quot;loop&quot;:&quot;yes&quot;,&quot;show_image_overlay&quot;:&quot;yes&quot;,&quot;image_overlay&quot;:{&quot;url&quot;:&quot;https:\\\/\\\/volatiles.de\\\/wp-content\\\/uploads\\\/2023\\\/11\\\/Lichtszenen.png&quot;,&quot;id&quot;:7271,&quot;size&quot;:&quot;&quot;,&quot;alt&quot;:&quot;&quot;,&quot;source&quot;:&quot;library&quot;},&quot;lightbox&quot;:&quot;yes&quot;,&quot;controls&quot;:&quot;yes&quot;}\" data-widget_type=\"video.default\">\n\t\t\t\t<div class=\"elementor-widget-container\">\n\t\t\t\t\t\t\t<div class=\"e-hosted-video elementor-wrapper elementor-open-lightbox\">\n\t\t\t\t\t\t\t<div class=\"elementor-custom-embed-image-overlay\" data-elementor-open-lightbox=\"yes\" data-elementor-lightbox=\"{&quot;type&quot;:&quot;video&quot;,&quot;videoType&quot;:&quot;hosted&quot;,&quot;url&quot;:&quot;https:\\\/\\\/volatiles.de\\\/wp-content\\\/uploads\\\/2023\\\/11\\\/Stone-Carrara-ios_3.mp4&quot;,&quot;autoplay&quot;:&quot;yes&quot;,&quot;modalOptions&quot;:{&quot;id&quot;:&quot;elementor-lightbox-dc8a575&quot;,&quot;entranceAnimation&quot;:&quot;&quot;,&quot;entranceAnimation_tablet&quot;:&quot;&quot;,&quot;entranceAnimation_mobile&quot;:&quot;&quot;,&quot;videoAspectRatio&quot;:&quot;11&quot;},&quot;videoParams&quot;:{&quot;autoplay&quot;:&quot;&quot;,&quot;loop&quot;:&quot;&quot;,&quot;controls&quot;:&quot;&quot;,&quot;muted&quot;:&quot;muted&quot;,&quot;playsinline&quot;:&quot;&quot;,&quot;controlsList&quot;:&quot;nodownload&quot;}}\" data-e-action-hash=\"#elementor-action%3Aaction%3Dlightbox%26settings%3DeyJ0eXBlIjoidmlkZW8iLCJ2aWRlb1R5cGUiOiJob3N0ZWQiLCJ1cmwiOiJodHRwczpcL1wvdm9sYXRpbGVzLmRlXC93cC1jb250ZW50XC91cGxvYWRzXC8yMDIzXC8xMVwvU3RvbmUtQ2FycmFyYS1pb3NfMy5tcDQiLCJhdXRvcGxheSI6InllcyIsIm1vZGFsT3B0aW9ucyI6eyJpZCI6ImVsZW1lbnRvci1saWdodGJveC1kYzhhNTc1IiwiZW50cmFuY2VBbmltYXRpb24iOiIiLCJlbnRyYW5jZUFuaW1hdGlvbl90YWJsZXQiOiIiLCJlbnRyYW5jZUFuaW1hdGlvbl9tb2JpbGUiOiIiLCJ2aWRlb0FzcGVjdFJhdGlvIjoiMTEifSwidmlkZW9QYXJhbXMiOnsiYXV0b3BsYXkiOiIiLCJsb29wIjoiIiwiY29udHJvbHMiOiIiLCJtdXRlZCI6Im11dGVkIiwicGxheXNpbmxpbmUiOiIiLCJjb250cm9sc0xpc3QiOiJub2Rvd25sb2FkIn19\">\n\t\t\t\t\t\t\t\t\t\t\t<img decoding=\"async\" width=\"518\" height=\"94\" src=\"https:\/\/volatiles.de\/wp-content\/uploads\/2023\/11\/Lichtszenen.png\" class=\"attachment-full size-full wp-image-7271\" alt=\"\" srcset=\"https:\/\/volatiles.de\/wp-content\/uploads\/2023\/11\/Lichtszenen.png 518w, https:\/\/volatiles.de\/wp-content\/uploads\/2023\/11\/Lichtszenen-300x54.png 300w, https:\/\/volatiles.de\/wp-content\/uploads\/2023\/11\/Lichtszenen-24x4.png 24w, https:\/\/volatiles.de\/wp-content\/uploads\/2023\/11\/Lichtszenen-36x7.png 36w, https:\/\/volatiles.de\/wp-content\/uploads\/2023\/11\/Lichtszenen-48x9.png 48w\" sizes=\"(max-width: 518px) 100vw, 518px\" \/>\t\t\t\t\t\t\t\t\t\t\t\t\t\t<\/div>\n\t\t\t\t\t<\/div>\n\t\t\t\t\t\t<\/div>\n\t\t\t\t<\/div>\n\t\t\t\t<div class=\"elementor-element elementor-element-d44a1d0 elementor-widget elementor-widget-heading\" data-id=\"d44a1d0\" data-element_type=\"widget\" data-widget_type=\"heading.default\">\n\t\t\t\t<div class=\"elementor-widget-container\">\n\t\t\t\t\t<h2 class=\"elementor-heading-title elementor-size-default\">Beschreibung<\/h2>\t\t\t\t<\/div>\n\t\t\t\t<\/div>\n\t\t\t\t<div class=\"elementor-element elementor-element-9ceb072 elementor-widget-divider--view-line elementor-widget elementor-widget-divider\" data-id=\"9ceb072\" data-element_type=\"widget\" data-widget_type=\"divider.default\">\n\t\t\t\t<div class=\"elementor-widget-container\">\n\t\t\t\t\t\t\t<div class=\"elementor-divider\">\n\t\t\t<span class=\"elementor-divider-separator\">\n\t\t\t\t\t\t<\/span>\n\t\t<\/div>\n\t\t\t\t\t\t<\/div>\n\t\t\t\t<\/div>\n\t\t\t\t<div class=\"elementor-element elementor-element-d6428f3 elementor-widget elementor-widget-text-editor\" data-id=\"d6428f3\" data-element_type=\"widget\" data-widget_type=\"text-editor.default\">\n\t\t\t\t<div class=\"elementor-widget-container\">\n\t\t\t\t\t\t\t\t\t<p>Ausgew\u00e4hlte Natursteine, welche durch besondere Lichtdurchl\u00e4ssigkeit und Eleganz \u00fcberzeugen, bekommen durch den Einsatz von LED Technologie ein v\u00f6llig neues Leben. Hierbei kommen drei verschiedene Steinsorten zum Einsatz, u.a. Calacatta Vagli, Carrara Bianco und Estremoz. Das Paneel wird eingerahmt in einem passgenauen Rahmen aus eloxiertem Aluminium in den Farben silber matt, schwarz matt oder bronze matt.<\/p>\t\t\t\t\t\t\t\t<\/div>\n\t\t\t\t<\/div>\n\t\t\t\t\t<\/div>\n\t\t\t\t<\/div>\n\t\t<div class=\"elementor-element elementor-element-872577c e-flex e-con-boxed e-con e-parent\" data-id=\"872577c\" data-element_type=\"container\">\n\t\t\t\t\t<div class=\"e-con-inner\">\n\t\t<div class=\"elementor-element elementor-element-43e97c1 e-con-full elementor-hidden-mobile e-flex e-con e-child\" data-id=\"43e97c1\" data-element_type=\"container\">\n\t\t\t\t<div class=\"elementor-element elementor-element-a4640cc elementor-position-top elementor-widget elementor-widget-image-box\" data-id=\"a4640cc\" data-element_type=\"widget\" data-widget_type=\"image-box.default\">\n\t\t\t\t<div class=\"elementor-widget-container\">\n\t\t\t\t\t<div class=\"elementor-image-box-wrapper\"><figure class=\"elementor-image-box-img\"><img decoding=\"async\" width=\"100\" height=\"100\" src=\"https:\/\/volatiles.de\/wp-content\/uploads\/2023\/11\/Dimmable-1.png\" class=\"attachment-full size-full wp-image-2681\" alt=\"\" srcset=\"https:\/\/volatiles.de\/wp-content\/uploads\/2023\/11\/Dimmable-1.png 100w, https:\/\/volatiles.de\/wp-content\/uploads\/2023\/11\/Dimmable-1-24x24.png 24w, https:\/\/volatiles.de\/wp-content\/uploads\/2023\/11\/Dimmable-1-36x36.png 36w, https:\/\/volatiles.de\/wp-content\/uploads\/2023\/11\/Dimmable-1-48x48.png 48w\" sizes=\"(max-width: 100px) 100vw, 100px\" \/><\/figure><div class=\"elementor-image-box-content\"><h3 class=\"elementor-image-box-title\">Dimmbar<\/h3><\/div><\/div>\t\t\t\t<\/div>\n\t\t\t\t<\/div>\n\t\t\t\t<\/div>\n\t\t<div class=\"elementor-element elementor-element-7df12d3 e-con-full e-flex e-con e-child\" data-id=\"7df12d3\" data-element_type=\"container\">\n\t\t\t\t<div class=\"elementor-element elementor-element-2276ebf elementor-position-top elementor-widget elementor-widget-image-box\" data-id=\"2276ebf\" data-element_type=\"widget\" data-widget_type=\"image-box.default\">\n\t\t\t\t<div class=\"elementor-widget-container\">\n\t\t\t\t\t<div class=\"elementor-image-box-wrapper\"><figure class=\"elementor-image-box-img\"><img decoding=\"async\" width=\"100\" height=\"100\" src=\"https:\/\/volatiles.de\/wp-content\/uploads\/2023\/11\/25_Scenes-1.png\" class=\"attachment-full size-full wp-image-2679\" alt=\"\" srcset=\"https:\/\/volatiles.de\/wp-content\/uploads\/2023\/11\/25_Scenes-1.png 100w, https:\/\/volatiles.de\/wp-content\/uploads\/2023\/11\/25_Scenes-1-24x24.png 24w, https:\/\/volatiles.de\/wp-content\/uploads\/2023\/11\/25_Scenes-1-36x36.png 36w, https:\/\/volatiles.de\/wp-content\/uploads\/2023\/11\/25_Scenes-1-48x48.png 48w\" sizes=\"(max-width: 100px) 100vw, 100px\" \/><\/figure><div class=\"elementor-image-box-content\"><h3 class=\"elementor-image-box-title\">Lichtszenen<\/h3><\/div><\/div>\t\t\t\t<\/div>\n\t\t\t\t<\/div>\n\t\t\t\t<\/div>\n\t\t<div class=\"elementor-element elementor-element-034fbeb e-con-full e-flex e-con e-child\" data-id=\"034fbeb\" data-element_type=\"container\">\n\t\t\t\t<div class=\"elementor-element elementor-element-d45677e elementor-position-top elementor-widget elementor-widget-image-box\" data-id=\"d45677e\" data-element_type=\"widget\" data-widget_type=\"image-box.default\">\n\t\t\t\t<div class=\"elementor-widget-container\">\n\t\t\t\t\t<div class=\"elementor-image-box-wrapper\"><figure class=\"elementor-image-box-img\"><img loading=\"lazy\" decoding=\"async\" width=\"100\" height=\"100\" src=\"https:\/\/volatiles.de\/wp-content\/uploads\/2023\/11\/App_Control-1.png\" class=\"attachment-full size-full wp-image-2680\" alt=\"\" srcset=\"https:\/\/volatiles.de\/wp-content\/uploads\/2023\/11\/App_Control-1.png 100w, https:\/\/volatiles.de\/wp-content\/uploads\/2023\/11\/App_Control-1-24x24.png 24w, https:\/\/volatiles.de\/wp-content\/uploads\/2023\/11\/App_Control-1-36x36.png 36w, https:\/\/volatiles.de\/wp-content\/uploads\/2023\/11\/App_Control-1-48x48.png 48w\" sizes=\"(max-width: 100px) 100vw, 100px\" \/><\/figure><div class=\"elementor-image-box-content\"><h3 class=\"elementor-image-box-title\">App Steuerung<\/h3><\/div><\/div>\t\t\t\t<\/div>\n\t\t\t\t<\/div>\n\t\t\t\t<\/div>\n\t\t<div class=\"elementor-element elementor-element-492a333 e-con-full e-flex e-con e-child\" data-id=\"492a333\" data-element_type=\"container\">\n\t\t\t\t<div class=\"elementor-element elementor-element-3a15314 elementor-position-top elementor-widget elementor-widget-image-box\" data-id=\"3a15314\" data-element_type=\"widget\" data-widget_type=\"image-box.default\">\n\t\t\t\t<div class=\"elementor-widget-container\">\n\t\t\t\t\t<div class=\"elementor-image-box-wrapper\"><figure class=\"elementor-image-box-img\"><img loading=\"lazy\" decoding=\"async\" width=\"100\" height=\"100\" src=\"https:\/\/volatiles.de\/wp-content\/uploads\/2023\/11\/Video_Input.png\" class=\"attachment-full size-full wp-image-5418\" alt=\"\" srcset=\"https:\/\/volatiles.de\/wp-content\/uploads\/2023\/11\/Video_Input.png 100w, https:\/\/volatiles.de\/wp-content\/uploads\/2023\/11\/Video_Input-24x24.png 24w, https:\/\/volatiles.de\/wp-content\/uploads\/2023\/11\/Video_Input-36x36.png 36w, https:\/\/volatiles.de\/wp-content\/uploads\/2023\/11\/Video_Input-48x48.png 48w\" sizes=\"(max-width: 100px) 100vw, 100px\" \/><\/figure><div class=\"elementor-image-box-content\"><h3 class=\"elementor-image-box-title\">Video Input<\/h3><\/div><\/div>\t\t\t\t<\/div>\n\t\t\t\t<\/div>\n\t\t\t\t<\/div>\n\t\t<div class=\"elementor-element elementor-element-92dd0fc e-con-full e-flex e-con e-child\" data-id=\"92dd0fc\" data-element_type=\"container\">\n\t\t\t\t<div class=\"elementor-element elementor-element-0a9ff74 elementor-position-top elementor-widget elementor-widget-image-box\" data-id=\"0a9ff74\" data-element_type=\"widget\" data-widget_type=\"image-box.default\">\n\t\t\t\t<div class=\"elementor-widget-container\">\n\t\t\t\t\t<div class=\"elementor-image-box-wrapper\"><figure class=\"elementor-image-box-img\"><img loading=\"lazy\" decoding=\"async\" width=\"100\" height=\"100\" src=\"https:\/\/volatiles.de\/wp-content\/uploads\/2023\/11\/Touch_Control-2.png\" class=\"attachment-full size-full wp-image-2683\" alt=\"\" srcset=\"https:\/\/volatiles.de\/wp-content\/uploads\/2023\/11\/Touch_Control-2.png 100w, https:\/\/volatiles.de\/wp-content\/uploads\/2023\/11\/Touch_Control-2-24x24.png 24w, https:\/\/volatiles.de\/wp-content\/uploads\/2023\/11\/Touch_Control-2-36x36.png 36w, https:\/\/volatiles.de\/wp-content\/uploads\/2023\/11\/Touch_Control-2-48x48.png 48w\" sizes=\"(max-width: 100px) 100vw, 100px\" \/><\/figure><div class=\"elementor-image-box-content\"><h3 class=\"elementor-image-box-title\">Touch Sensorik<\/h3><\/div><\/div>\t\t\t\t<\/div>\n\t\t\t\t<\/div>\n\t\t\t\t<\/div>\n\t\t\t\t\t<\/div>\n\t\t\t\t<\/div>\n\t\t\t\t<\/div>\n\t\t","protected":false},"excerpt":{"rendered":"<p>Hochaufl\u00f6sendes LED Lichtpaneel hinter ber\u00fchrungssensitiver Carrara Natursteinplatte<\/p>\n","protected":false},"featured_media":3621,"template":"","meta":[],"product_brand":[],"product_cat":[37],"product_tag":[],"class_list":{"0":"post-1689","1":"product","2":"type-product","3":"status-publish","4":"has-post-thumbnail","6":"product_cat-stone","8":"first","9":"instock","10":"taxable","11":"shipping-taxable","12":"purchasable","13":"product-type-simple"},"yoast_head":"<!-- This site is optimized with the Yoast SEO plugin v25.1 - https:\/\/yoast.com\/wordpress\/plugins\/seo\/ -->\n<title>Naturstein - Carrara Wei\u00df - volatiles<\/title>\n<meta name=\"robots\" content=\"index, follow, max-snippet:-1, max-image-preview:large, max-video-preview:-1\" \/>\n<link rel=\"canonical\" href=\"https:\/\/volatiles.de\/produkt\/stone-carrara\/\" \/>\n<meta property=\"og:locale\" content=\"de_DE\" \/>\n<meta property=\"og:type\" content=\"article\" \/>\n<meta property=\"og:title\" content=\"Naturstein - Carrara Wei\u00df - volatiles\" \/>\n<meta property=\"og:description\" content=\"Hochaufl\u00f6sendes LED Lichtpaneel hinter ber\u00fchrungssensitiver Carrara Natursteinplatte\" \/>\n<meta property=\"og:url\" content=\"https:\/\/volatiles.de\/produkt\/stone-carrara\/\" \/>\n<meta property=\"og:site_name\" content=\"volatiles\" \/>\n<meta property=\"article:publisher\" content=\"https:\/\/www.facebook.com\/volatilestechnologies\" \/>\n<meta property=\"article:modified_time\" content=\"2024-03-01T19:52:13+00:00\" \/>\n<meta property=\"og:image\" content=\"https:\/\/volatiles.de\/wp-content\/uploads\/2023\/11\/02-Stone-Carrara-Vertical-web.webp\" \/>\n\t<meta property=\"og:image:width\" content=\"2048\" \/>\n\t<meta property=\"og:image:height\" content=\"2048\" \/>\n\t<meta property=\"og:image:type\" content=\"image\/webp\" \/>\n<meta name=\"twitter:card\" content=\"summary_large_image\" \/>\n<script type=\"application\/ld+json\" class=\"yoast-schema-graph\">{\"@context\":\"https:\/\/schema.org\",\"@graph\":[{\"@type\":\"WebPage\",\"@id\":\"https:\/\/volatiles.de\/produkt\/stone-carrara\/\",\"url\":\"https:\/\/volatiles.de\/produkt\/stone-carrara\/\",\"name\":\"Naturstein - Carrara Wei\u00df - volatiles\",\"isPartOf\":{\"@id\":\"https:\/\/volatiles.de\/#website\"},\"primaryImageOfPage\":{\"@id\":\"https:\/\/volatiles.de\/produkt\/stone-carrara\/#primaryimage\"},\"image\":{\"@id\":\"https:\/\/volatiles.de\/produkt\/stone-carrara\/#primaryimage\"},\"thumbnailUrl\":\"https:\/\/volatiles.de\/wp-content\/uploads\/2023\/11\/02-Stone-Carrara-Vertical-web.webp\",\"datePublished\":\"2023-11-02T07:12:12+00:00\",\"dateModified\":\"2024-03-01T19:52:13+00:00\",\"breadcrumb\":{\"@id\":\"https:\/\/volatiles.de\/produkt\/stone-carrara\/#breadcrumb\"},\"inLanguage\":\"de\",\"potentialAction\":[{\"@type\":\"ReadAction\",\"target\":[\"https:\/\/volatiles.de\/produkt\/stone-carrara\/\"]}]},{\"@type\":\"ImageObject\",\"inLanguage\":\"de\",\"@id\":\"https:\/\/volatiles.de\/produkt\/stone-carrara\/#primaryimage\",\"url\":\"https:\/\/volatiles.de\/wp-content\/uploads\/2023\/11\/02-Stone-Carrara-Vertical-web.webp\",\"contentUrl\":\"https:\/\/volatiles.de\/wp-content\/uploads\/2023\/11\/02-Stone-Carrara-Vertical-web.webp\",\"width\":2048,\"height\":2048},{\"@type\":\"BreadcrumbList\",\"@id\":\"https:\/\/volatiles.de\/produkt\/stone-carrara\/#breadcrumb\",\"itemListElement\":[{\"@type\":\"ListItem\",\"position\":1,\"name\":\"Home\",\"item\":\"https:\/\/volatiles.de\/de\/\"},{\"@type\":\"ListItem\",\"position\":2,\"name\":\"Shop\",\"item\":\"https:\/\/volatiles.de\/de\/shop\/\"},{\"@type\":\"ListItem\",\"position\":3,\"name\":\"Naturstein &#8211; Carrara Wei\u00df\"}]},{\"@type\":\"WebSite\",\"@id\":\"https:\/\/volatiles.de\/#website\",\"url\":\"https:\/\/volatiles.de\/\",\"name\":\"volatiles\",\"description\":\"Exklusive Lichtpaneele\",\"publisher\":{\"@id\":\"https:\/\/volatiles.de\/#organization\"},\"potentialAction\":[{\"@type\":\"SearchAction\",\"target\":{\"@type\":\"EntryPoint\",\"urlTemplate\":\"https:\/\/volatiles.de\/?s={search_term_string}\"},\"query-input\":{\"@type\":\"PropertyValueSpecification\",\"valueRequired\":true,\"valueName\":\"search_term_string\"}}],\"inLanguage\":\"de\"},{\"@type\":\"Organization\",\"@id\":\"https:\/\/volatiles.de\/#organization\",\"name\":\"volatiles\",\"url\":\"https:\/\/volatiles.de\/\",\"logo\":{\"@type\":\"ImageObject\",\"inLanguage\":\"de\",\"@id\":\"https:\/\/volatiles.de\/#\/schema\/logo\/image\/\",\"url\":\"https:\/\/volatiles.de\/wp-content\/uploads\/2024\/03\/Volatiles-wpform-email.jpg\",\"contentUrl\":\"https:\/\/volatiles.de\/wp-content\/uploads\/2024\/03\/Volatiles-wpform-email.jpg\",\"width\":1232,\"height\":300,\"caption\":\"volatiles\"},\"image\":{\"@id\":\"https:\/\/volatiles.de\/#\/schema\/logo\/image\/\"},\"sameAs\":[\"https:\/\/www.facebook.com\/volatilestechnologies\"]}]}<\/script>\n<!-- \/ Yoast SEO plugin. -->","yoast_head_json":{"title":"Naturstein - Carrara Wei\u00df - volatiles","robots":{"index":"index","follow":"follow","max-snippet":"max-snippet:-1","max-image-preview":"max-image-preview:large","max-video-preview":"max-video-preview:-1"},"canonical":"https:\/\/volatiles.de\/produkt\/stone-carrara\/","og_locale":"de_DE","og_type":"article","og_title":"Naturstein - Carrara Wei\u00df - volatiles","og_description":"Hochaufl\u00f6sendes LED Lichtpaneel hinter ber\u00fchrungssensitiver Carrara Natursteinplatte","og_url":"https:\/\/volatiles.de\/produkt\/stone-carrara\/","og_site_name":"volatiles","article_publisher":"https:\/\/www.facebook.com\/volatilestechnologies","article_modified_time":"2024-03-01T19:52:13+00:00","og_image":[{"width":2048,"height":2048,"url":"https:\/\/volatiles.de\/wp-content\/uploads\/2023\/11\/02-Stone-Carrara-Vertical-web.webp","type":"image\/webp"}],"twitter_card":"summary_large_image","schema":{"@context":"https:\/\/schema.org","@graph":[{"@type":"WebPage","@id":"https:\/\/volatiles.de\/produkt\/stone-carrara\/","url":"https:\/\/volatiles.de\/produkt\/stone-carrara\/","name":"Naturstein - Carrara Wei\u00df - volatiles","isPartOf":{"@id":"https:\/\/volatiles.de\/#website"},"primaryImageOfPage":{"@id":"https:\/\/volatiles.de\/produkt\/stone-carrara\/#primaryimage"},"image":{"@id":"https:\/\/volatiles.de\/produkt\/stone-carrara\/#primaryimage"},"thumbnailUrl":"https:\/\/volatiles.de\/wp-content\/uploads\/2023\/11\/02-Stone-Carrara-Vertical-web.webp","datePublished":"2023-11-02T07:12:12+00:00","dateModified":"2024-03-01T19:52:13+00:00","breadcrumb":{"@id":"https:\/\/volatiles.de\/produkt\/stone-carrara\/#breadcrumb"},"inLanguage":"de","potentialAction":[{"@type":"ReadAction","target":["https:\/\/volatiles.de\/produkt\/stone-carrara\/"]}]},{"@type":"ImageObject","inLanguage":"de","@id":"https:\/\/volatiles.de\/produkt\/stone-carrara\/#primaryimage","url":"https:\/\/volatiles.de\/wp-content\/uploads\/2023\/11\/02-Stone-Carrara-Vertical-web.webp","contentUrl":"https:\/\/volatiles.de\/wp-content\/uploads\/2023\/11\/02-Stone-Carrara-Vertical-web.webp","width":2048,"height":2048},{"@type":"BreadcrumbList","@id":"https:\/\/volatiles.de\/produkt\/stone-carrara\/#breadcrumb","itemListElement":[{"@type":"ListItem","position":1,"name":"Home","item":"https:\/\/volatiles.de\/de\/"},{"@type":"ListItem","position":2,"name":"Shop","item":"https:\/\/volatiles.de\/de\/shop\/"},{"@type":"ListItem","position":3,"name":"Naturstein &#8211; Carrara Wei\u00df"}]},{"@type":"WebSite","@id":"https:\/\/volatiles.de\/#website","url":"https:\/\/volatiles.de\/","name":"volatiles","description":"Exklusive Lichtpaneele","publisher":{"@id":"https:\/\/volatiles.de\/#organization"},"potentialAction":[{"@type":"SearchAction","target":{"@type":"EntryPoint","urlTemplate":"https:\/\/volatiles.de\/?s={search_term_string}"},"query-input":{"@type":"PropertyValueSpecification","valueRequired":true,"valueName":"search_term_string"}}],"inLanguage":"de"},{"@type":"Organization","@id":"https:\/\/volatiles.de\/#organization","name":"volatiles","url":"https:\/\/volatiles.de\/","logo":{"@type":"ImageObject","inLanguage":"de","@id":"https:\/\/volatiles.de\/#\/schema\/logo\/image\/","url":"https:\/\/volatiles.de\/wp-content\/uploads\/2024\/03\/Volatiles-wpform-email.jpg","contentUrl":"https:\/\/volatiles.de\/wp-content\/uploads\/2024\/03\/Volatiles-wpform-email.jpg","width":1232,"height":300,"caption":"volatiles"},"image":{"@id":"https:\/\/volatiles.de\/#\/schema\/logo\/image\/"},"sameAs":["https:\/\/www.facebook.com\/volatilestechnologies"]}]}},"_links":{"self":[{"href":"https:\/\/volatiles.de\/de\/wp-json\/wp\/v2\/product\/1689","targetHints":{"allow":["GET"]}}],"collection":[{"href":"https:\/\/volatiles.de\/de\/wp-json\/wp\/v2\/product"}],"about":[{"href":"https:\/\/volatiles.de\/de\/wp-json\/wp\/v2\/types\/product"}],"version-history":[{"count":38,"href":"https:\/\/volatiles.de\/de\/wp-json\/wp\/v2\/product\/1689\/revisions"}],"predecessor-version":[{"id":7322,"href":"https:\/\/volatiles.de\/de\/wp-json\/wp\/v2\/product\/1689\/revisions\/7322"}],"wp:featuredmedia":[{"embeddable":true,"href":"https:\/\/volatiles.de\/de\/wp-json\/wp\/v2\/media\/3621"}],"wp:attachment":[{"href":"https:\/\/volatiles.de\/de\/wp-json\/wp\/v2\/media?parent=1689"}],"wp:term":[{"taxonomy":"product_brand","embeddable":true,"href":"https:\/\/volatiles.de\/de\/wp-json\/wp\/v2\/product_brand?post=1689"},{"taxonomy":"product_cat","embeddable":true,"href":"https:\/\/volatiles.de\/de\/wp-json\/wp\/v2\/product_cat?post=1689"},{"taxonomy":"product_tag","embeddable":true,"href":"https:\/\/volatiles.de\/de\/wp-json\/wp\/v2\/product_tag?post=1689"}],"curies":[{"name":"wp","href":"https:\/\/api.w.org\/{rel}","templated":true}]}}